{"id":4392,"date":"2023-12-13T12:42:03","date_gmt":"2023-12-13T11:42:03","guid":{"rendered":"https:\/\/zeatz.es\/?page_id=4392"},"modified":"2024-05-13T08:56:05","modified_gmt":"2024-05-13T07:56:05","slug":"rechtlicher-text","status":"publish","type":"page","link":"https:\/\/zeatz.es\/de\/rechtlicher-text\/","title":{"rendered":"RECHTLICHER TEXT"},"content":{"rendered":"\n<p><strong>RECHTLICHER TEXT<\/strong><strong><\/strong><\/p>\n\n\n\n<p>In \u00dcbereinstimmung mit der <strong>Verordnung (EU) 2016\/679<\/strong> des Europ\u00e4ischen Parlaments und des Rates vom 27. April 2016 zum Schutz nat\u00fcrlicher Personen bei der Verarbeitung personenbezogener Daten und zum freien Datenverkehr informieren wir Sie hiermit dar\u00fcber, dass die \u00fcber die Formulare \u00fcbermittelten personenbezogenen Daten sowie Ihre E-Mail-Adresse durch <strong>MAKEGI, S.L.<\/strong> [im Folgenden <strong>MAKEGI<\/strong>], mit Sitz in <strong>Pol\u00edgono industrial de Itziar C2 &#8211; 20829 ITZIAR-DEBA &#8211; Spanien<\/strong>, Steuernummer (CIF) B75029173, E-Mail <strong>comercial@zeatz.es<\/strong>, verarbeitet werden, um Ihre Anfragen zu bearbeiten und Ihnen Informationen \u00fcber die von <strong>MAKEGI<\/strong> angebotenen Produkte und Dienstleistungen zuzusenden.<\/p>\n\n\n\n<p>Wir informieren Sie dar\u00fcber, dass die Daten m\u00f6glicherweise f\u00fcr den Versand kommerzieller Mitteilungen \u00fcber Aktivit\u00e4ten und Dienstleistungen unseres Unternehmens oder unserer Unternehmensgruppe verwendet werden, die f\u00fcr Sie von Interesse sein k\u00f6nnten. Sie k\u00f6nnen diese Art von Mitteilungen jederzeit ablehnen, indem Sie eine E-Mail an <strong>comercial@zeatz.es<\/strong> senden und in der Betreffzeile \u201e<strong>ABMELDUNG AUS DER VERTEILERLISTE<\/strong>\u201c angeben.<\/p>\n\n\n\n<p>Au\u00dferdem k\u00f6nnen Sie Ihr Recht auf Auskunft, Berichtigung, L\u00f6schung, Widerspruch und gegebenenfalls auf \u00dcbertragbarkeit und Einschr\u00e4nkung aus\u00fcben, indem Sie ein Schreiben zusammen mit einer Fotokopie Ihres Personalausweises oder eines gleichwertigen Ausweisdokuments an folgende Adresse senden: <strong>Pol\u00edgono industrial de Itziar C2 \u2013 20829 ITZIAR-DEBA \u2013 Spanien<\/strong> bzw. per E-Mail an <strong>comercial@zeatz.es<\/strong> unter Angabe von \u201e<strong>DATENSCHUTZ<\/strong>\u201c in der Betreffzeile.<\/p>\n\n\n\n<h3 class=\"wp-block-heading\"><a><\/a><strong>DATENSCHUTZRICHTLINIE<\/strong><strong><\/strong><\/h3>\n\n\n\n<p><strong>MAKEGI<\/strong> legt besonderen Wert auf den Schutz der Daten der Nutzer der Dienste, die auf die Website zugreifen. Mithilfe der vorliegenden Datenschutzrichtlinie [im Folgenden: Richtlinie] werden die Nutzer von <a href=\"https:\/\/www.zeatz.es\/\"><strong>www.zeatz.es<\/strong><\/a> \u00fcber die Verarbeitung und Verwendung der auf der Website gesammelten personenbezogenen Daten informiert, sodass sie frei und freiwillig entscheiden k\u00f6nnen, ob sie die angeforderten Informationen zur Verf\u00fcgung stellen m\u00f6chten.<\/p>\n\n\n\n<p>F\u00fcr <strong>MAKEGI<\/strong> hat der Schutz personenbezogener Daten h\u00f6chste Priorit\u00e4t, um die Intim- und Privatsph\u00e4re aller betroffenen Personen zu sch\u00fctzen. Aus diesem Grund nehmen wir die vorliegende Richtlinie an und verpflichten uns, die in den geltenden Gesetzen und Verordnungen zum Schutz personenbezogener Daten festgelegten rechtlichen Anforderungen zu erf\u00fcllen.<\/p>\n\n\n\n<p><br><strong>MAKEGI<\/strong> informiert Sie daher mithilfe dieses Dokuments in \u00dcbereinstimmung mit der <strong>Verordnung (EU) 2016\/679<\/strong> \u00fcber Folgendes:<\/p>\n\n\n\n<p><strong>1 \u2013 Datenverantwortlicher.<br>MAKEGI<\/strong> mit Sitz in: <strong>Pol\u00edgono industrial de Itziar C2 \u2013 20829 ITZIAR-DEBA \u2013 Spanien<\/strong> ist verantwortlich f\u00fcr die verschiedenen Verarbeitungen.<\/p>\n\n\n\n<p>Konkret werden die \u00fcber diese Website gesammelten Daten einer Verarbeitung <strong>[FORMULARE\/WEBSITE-BENUTZER\/NEWSLETTER]<\/strong> unterzogen, bei der diese Datenschutzrichtlinie Anwendung findet.<\/p>\n\n\n\n<p><strong>2 \u2013 Sammlung und Verarbeitung.<br><\/strong>Das Hauptmerkmal der Verarbeitung <strong>[FORMULARE\/WEBSITE-BENUTZER\/NEWSLETTER]<\/strong> ist:<\/p>\n\n\n\n<p><strong>2.1 \u2013 Zweck.<br><\/strong>Die Sammlung und Einbeziehung der Daten in die zuvor genannten Verarbeitungen hat folgenden Zweck:<\/p>\n\n\n\n<p><strong>2.1.A<\/strong> Durch die Verarbeitung <strong>[KONTAKTFORMULARE\/WEBSITE-BENUTZER\/NEWSLETTER\/SHOP]<\/strong> die von der betroffenen Person im Formular oder Fragebogen auf der Website <a href=\"https:\/\/www.zeatz.es\/\"><strong>www.zeatz.es<\/strong><\/a> angeforderten Informationen bereitstellen.<\/p>\n\n\n\n<p><strong>2.1.B Die angesprochenen Angelegenheiten l\u00f6sen<\/strong>.<\/p>\n\n\n\n<p><br><strong>2.1.C<\/strong> Und den betroffenen Personen Informationen \u00fcber die Dienstleistungsangebote der <strong>MAKEGI<\/strong>-Unternehmensgruppe bereitstellen.<\/p>\n\n\n\n<p><strong>2.2 \u2013 Datenverarbeiter.<br><\/strong>F\u00fcr den Fall, dass es Auftragsverarbeiter gibt, mit denen eine Verpflichtung besteht, den Vertrag abzuschlie\u00dfen (Artikel <strong>28 DSGVO<\/strong>). Dieser Vertrag enth\u00e4lt die im vorgenannten Artikel dargelegten Bedingungen, welche die Verwendung und die Vertraulichkeit der personenbezogenen Daten gem\u00e4\u00df den geltenden gesetzlichen Bestimmungen vertraglich regeln.<\/p>\n\n\n\n<p><strong>2.3 \u2013 Rechtsgrundlage \u2013 Zustimmung.<br><\/strong>Durch das Ausf\u00fcllen der auf der Website verf\u00fcgbaren Formulare gibt die betroffene Person ihr Einverst\u00e4ndnis zur Aufnahme der angegebenen personenbezogenen Daten in die Datei und zu deren Verarbeitung gem\u00e4\u00df dieser Datenschutzrichtlinie. Gleichzeitig geben Sie damit Ihr Einverst\u00e4ndnis, dass <strong>MAKEGI<\/strong> Ihnen regelm\u00e4\u00dfig Informationen \u00fcber Angebote von Aktivit\u00e4ten, Produkten oder Dienstleistungen der Unternehmensgruppe zusendet.<\/p>\n\n\n\n<p>Sie k\u00f6nnen diese Art von Zusendungen jederzeit ablehnen, indem Sie eine-Mail an <strong>comercial@zeatz.es<\/strong> senden und in der Betreffzeile \u201e<strong>ABMELDUNG AUS DER VERTEILERLISTE<\/strong>\u201c angeben.<\/p>\n\n\n\n<p><strong>3 \u2013 Sicherheitsvorkehrungen.<br>MAKEGI<\/strong> gew\u00e4hrleistet den Datenschutz im gesetzlich vorgeschriebenen Umfang und hat alle dem Unternehmen zur Verf\u00fcgung stehenden technischen Mittel und Ma\u00dfnahmen implementiert, um den Verlust, den Missbrauch, die Ver\u00e4nderung, den nicht autorisierten Zugriff und die Entwendung der Daten zu verhindern.<\/p>\n\n\n\n<p><strong>4 \u2013 Rechte auf Auskunft, Berichtigung, L\u00f6schung, Widerspruch, \u00dcbertragbarkeit und Einschr\u00e4nkung.<br><\/strong>Die betroffenen Personen, deren Daten einer Verarbeitung <strong>[FORMULARE\/WEBSITE-BENUTZER\/NEWSLETTER]<\/strong> unterzogen werden, und deren Daten in einer Datei im Besitz von <strong>MAKEGI<\/strong> enthalten sind, k\u00f6nnen sich an das Unternehmen wenden, um ihre Rechte auf Auskunft, Berichtigung, L\u00f6schung, Widerspruch, \u00dcbertragbarkeit und gegebenenfalls Einschr\u00e4nkung (<strong>ABLW\u00dcE<\/strong>-Rechte) auszu\u00fcben.<strong><\/strong><\/p>\n\n\n\n<p><br>Diese Rechte sind \u201eh\u00f6chstpers\u00f6nlicher\u201c Natur und k\u00f6nnen daher nur von der betroffenen Person selbst oder ihrem gesetzlichen Vertreter ausge\u00fcbt werden, nachdem ihre Identit\u00e4t oder gegebenenfalls die Hinl\u00e4nglichkeit der Vertretung best\u00e4tigt wurde.<\/p>\n\n\n\n<p><br><strong>4.1<\/strong> \u2013 Das Auskunftsrecht kann einmal pro Jahr bzw. bei Vorliegen eines anerkannten berechtigten Interesses ausge\u00fcbt werden. Bei der Aus\u00fcbung dieses Rechts hat die betroffene Person die Wahl zwischen den folgenden Wegen der Beantragung:<\/p>\n\n\n\n<p>\u2013 Per E-Mail an: <strong>comercial@zeatz.es<br><\/strong>\u2013 Auf dem Postweg an: <strong>MAKEGI, S.L. \u2013<\/strong> <strong>Pol\u00edgono industrial de Itziar C2 \u2013 20829 ITZIAR-DEBA \u2013 Spanien.<\/strong><strong><\/strong><\/p>\n\n\n\n<p><strong><br>MAKEGI<\/strong> wird Ihnen seine Entscheidung innerhalb eines Monats mitteilen. Bei Best\u00e4tigung erh\u00e4lt die betroffene Person innerhalb von 10 Tagen nach der Mitteilung Zugang zu den Informationen.<\/p>\n\n\n\n<p><br><strong>4.2<\/strong> \u2013 Das Recht auf <strong>BERICHTIGUNG UND L\u00d6SCHUNG<\/strong> kann entsprechend den folgenden Bestimmungen immer dann ausge\u00fcbt werden, wenn die betroffene Person der Ansicht ist, dass die von uns verarbeiteten Daten unrichtig, unvollst\u00e4ndig, unzureichend oder zu umfangreich sind. In diesem Fall kann das Recht auf jedem der oben genannten Wege ausge\u00fcbt werden.<\/p>\n\n\n\n<p><br><strong>MAKEGI<\/strong> wird die Berichtigung oder L\u00f6schung innerhalb von 10 Tagen nach Eingang des Antrags vornehmen.<\/p>\n\n\n\n<p><br><strong>4.3<\/strong> \u2013 Das Recht auf <strong>\u00dcBERTRAGBARKEIT<\/strong> kann gem\u00e4\u00df den folgenden Bestimmungen immer dann ausge\u00fcbt werden, wenn die betroffene Person der Ansicht ist, dass die bei unserer Verarbeitung erhobenen Daten an den Inhaber der Daten oder gegebenenfalls an einen Dritten (Datenverarbeiter) zur\u00fcckgegeben werden m\u00fcssen.<\/p>\n\n\n\n<p><br><strong>4.4<\/strong> \u2013 Das Recht auf <strong>EINSCHR\u00c4NKUNG<\/strong> kann vor dem Recht auf Widerspruch gegen die Verarbeitung Ihrer Daten ausge\u00fcbt werden, sodass die Verarbeitung bis zur Kl\u00e4rung des Widerspruchsrechts eingeschr\u00e4nkt wird.<\/p>\n\n\n\n<p><strong>5 \u2013 \u00c4nderung der Richtlinie.<br>MAKEGI<\/strong> beh\u00e4lt sich das Recht vor, die vorliegende Richtlinie zu \u00e4ndern, um sie an neue Gesetze oder Rechtsprechungen sowie an entsprechende \u201eStandardkodizes\u201c anzupassen. Solche \u00c4nderungen werden mit der erforderlichen Vorank\u00fcndigung auf unserer Website bekanntgegeben, unbeschadet der Einholung der erforderlichen <strong>ZUSTIMMUNG<\/strong> der betroffenen Personen, wenn diese nicht entsprechend den Bedingungen dieser Richtlinie als erteilt angesehen wird.<\/p>\n\n\n\n<p><br>Sollten Sie Zweifel, Fragen oder Anmerkungen zu dieser Richtlinie haben, k\u00f6nnen Sie sich jederzeit an uns wenden: <a href=\"mailto:comercial@zeatz.es\">comercial@zeatz.es<\/a><\/p>\n\n\n\n<p><strong>6 \u2013 Datenverantwortlicher der Unternehmensgruppe.<br><\/strong>Alle Unternehmen, die zur Unternehmensgruppe geh\u00f6ren.<\/p>\n","protected":false},"excerpt":{"rendered":"<p>RECHTLICHER TEXT In \u00dcbereinstimmung mit der Verordnung (EU) 2016\/679 des Europ\u00e4ischen Parlaments und des Rates vom 27. April 2016 zum Schutz nat\u00fcrlicher Personen bei der Verarbeitung personenbezogener Daten und zum freien Datenverkehr informieren wir Sie hiermit dar\u00fcber, dass die \u00fcber die Formulare \u00fcbermittelten personenbezogenen Daten sowie Ihre E-Mail-Adresse durch MAKEGI, S.L. [im Folgenden MAKEGI], mit [&hellip;]<\/p>\n","protected":false},"author":1,"featured_media":0,"parent":0,"menu_order":0,"comment_status":"closed","ping_status":"closed","template":"","meta":{"footnotes":""},"class_list":["post-4392","page","type-page","status-publish","hentry"],"yoast_head":"<!-- This site is optimized with the Yoast SEO plugin v26.4 - https:\/\/yoast.com\/wordpress\/plugins\/seo\/ -->\n<title>RECHTLICHER TEXT - Zeatz<\/title>\n<meta name=\"robots\" content=\"index, follow, max-snippet:-1, max-image-preview:large, max-video-preview:-1\" \/>\n<link rel=\"canonical\" href=\"https:\/\/zeatz.es\/de\/rechtlicher-text\/\" \/>\n<meta property=\"og:locale\" content=\"de_DE\" \/>\n<meta property=\"og:type\" content=\"article\" \/>\n<meta property=\"og:title\" content=\"RECHTLICHER TEXT - Zeatz\" \/>\n<meta property=\"og:description\" content=\"RECHTLICHER TEXT In \u00dcbereinstimmung mit der Verordnung (EU) 2016\/679 des Europ\u00e4ischen Parlaments und des Rates vom 27. April 2016 zum Schutz nat\u00fcrlicher Personen bei der Verarbeitung personenbezogener Daten und zum freien Datenverkehr informieren wir Sie hiermit dar\u00fcber, dass die \u00fcber die Formulare \u00fcbermittelten personenbezogenen Daten sowie Ihre E-Mail-Adresse durch MAKEGI, S.L. [im Folgenden MAKEGI], mit [&hellip;]\" \/>\n<meta property=\"og:url\" content=\"https:\/\/zeatz.es\/de\/rechtlicher-text\/\" \/>\n<meta property=\"og:site_name\" content=\"Zeatz\" \/>\n<meta property=\"article:modified_time\" content=\"2024-05-13T07:56:05+00:00\" \/>\n<meta name=\"twitter:card\" content=\"summary_large_image\" \/>\n<meta name=\"twitter:label1\" content=\"Gesch\u00e4tzte Lesezeit\" \/>\n\t<meta name=\"twitter:data1\" content=\"5\u00a0Minuten\" \/>\n<script type=\"application\/ld+json\" class=\"yoast-schema-graph\">{\"@context\":\"https:\/\/schema.org\",\"@graph\":[{\"@type\":\"WebPage\",\"@id\":\"https:\/\/zeatz.es\/de\/rechtlicher-text\/\",\"url\":\"https:\/\/zeatz.es\/de\/rechtlicher-text\/\",\"name\":\"RECHTLICHER TEXT - Zeatz\",\"isPartOf\":{\"@id\":\"https:\/\/zeatz.es\/de\/#website\"},\"datePublished\":\"2023-12-13T11:42:03+00:00\",\"dateModified\":\"2024-05-13T07:56:05+00:00\",\"breadcrumb\":{\"@id\":\"https:\/\/zeatz.es\/de\/rechtlicher-text\/#breadcrumb\"},\"inLanguage\":\"de\",\"potentialAction\":[{\"@type\":\"ReadAction\",\"target\":[\"https:\/\/zeatz.es\/de\/rechtlicher-text\/\"]}]},{\"@type\":\"BreadcrumbList\",\"@id\":\"https:\/\/zeatz.es\/de\/rechtlicher-text\/#breadcrumb\",\"itemListElement\":[{\"@type\":\"ListItem\",\"position\":1,\"name\":\"Home\",\"item\":\"https:\/\/zeatz.es\/de\/\"},{\"@type\":\"ListItem\",\"position\":2,\"name\":\"RECHTLICHER TEXT\"}]},{\"@type\":\"WebSite\",\"@id\":\"https:\/\/zeatz.es\/de\/#website\",\"url\":\"https:\/\/zeatz.es\/de\/\",\"name\":\"Zeatz\",\"description\":\"\",\"potentialAction\":[{\"@type\":\"SearchAction\",\"target\":{\"@type\":\"EntryPoint\",\"urlTemplate\":\"https:\/\/zeatz.es\/de\/?s={search_term_string}\"},\"query-input\":{\"@type\":\"PropertyValueSpecification\",\"valueRequired\":true,\"valueName\":\"search_term_string\"}}],\"inLanguage\":\"de\"}]}<\/script>\n<!-- \/ Yoast SEO plugin. -->","yoast_head_json":{"title":"RECHTLICHER TEXT - Zeatz","robots":{"index":"index","follow":"follow","max-snippet":"max-snippet:-1","max-image-preview":"max-image-preview:large","max-video-preview":"max-video-preview:-1"},"canonical":"https:\/\/zeatz.es\/de\/rechtlicher-text\/","og_locale":"de_DE","og_type":"article","og_title":"RECHTLICHER TEXT - Zeatz","og_description":"RECHTLICHER TEXT In \u00dcbereinstimmung mit der Verordnung (EU) 2016\/679 des Europ\u00e4ischen Parlaments und des Rates vom 27. April 2016 zum Schutz nat\u00fcrlicher Personen bei der Verarbeitung personenbezogener Daten und zum freien Datenverkehr informieren wir Sie hiermit dar\u00fcber, dass die \u00fcber die Formulare \u00fcbermittelten personenbezogenen Daten sowie Ihre E-Mail-Adresse durch MAKEGI, S.L. [im Folgenden MAKEGI], mit [&hellip;]","og_url":"https:\/\/zeatz.es\/de\/rechtlicher-text\/","og_site_name":"Zeatz","article_modified_time":"2024-05-13T07:56:05+00:00","twitter_card":"summary_large_image","twitter_misc":{"Gesch\u00e4tzte Lesezeit":"5\u00a0Minuten"},"schema":{"@context":"https:\/\/schema.org","@graph":[{"@type":"WebPage","@id":"https:\/\/zeatz.es\/de\/rechtlicher-text\/","url":"https:\/\/zeatz.es\/de\/rechtlicher-text\/","name":"RECHTLICHER TEXT - Zeatz","isPartOf":{"@id":"https:\/\/zeatz.es\/de\/#website"},"datePublished":"2023-12-13T11:42:03+00:00","dateModified":"2024-05-13T07:56:05+00:00","breadcrumb":{"@id":"https:\/\/zeatz.es\/de\/rechtlicher-text\/#breadcrumb"},"inLanguage":"de","potentialAction":[{"@type":"ReadAction","target":["https:\/\/zeatz.es\/de\/rechtlicher-text\/"]}]},{"@type":"BreadcrumbList","@id":"https:\/\/zeatz.es\/de\/rechtlicher-text\/#breadcrumb","itemListElement":[{"@type":"ListItem","position":1,"name":"Home","item":"https:\/\/zeatz.es\/de\/"},{"@type":"ListItem","position":2,"name":"RECHTLICHER TEXT"}]},{"@type":"WebSite","@id":"https:\/\/zeatz.es\/de\/#website","url":"https:\/\/zeatz.es\/de\/","name":"Zeatz","description":"","potentialAction":[{"@type":"SearchAction","target":{"@type":"EntryPoint","urlTemplate":"https:\/\/zeatz.es\/de\/?s={search_term_string}"},"query-input":{"@type":"PropertyValueSpecification","valueRequired":true,"valueName":"search_term_string"}}],"inLanguage":"de"}]}},"_links":{"self":[{"href":"https:\/\/zeatz.es\/de\/wp-json\/wp\/v2\/pages\/4392","targetHints":{"allow":["GET"]}}],"collection":[{"href":"https:\/\/zeatz.es\/de\/wp-json\/wp\/v2\/pages"}],"about":[{"href":"https:\/\/zeatz.es\/de\/wp-json\/wp\/v2\/types\/page"}],"author":[{"embeddable":true,"href":"https:\/\/zeatz.es\/de\/wp-json\/wp\/v2\/users\/1"}],"replies":[{"embeddable":true,"href":"https:\/\/zeatz.es\/de\/wp-json\/wp\/v2\/comments?post=4392"}],"version-history":[{"count":1,"href":"https:\/\/zeatz.es\/de\/wp-json\/wp\/v2\/pages\/4392\/revisions"}],"predecessor-version":[{"id":4393,"href":"https:\/\/zeatz.es\/de\/wp-json\/wp\/v2\/pages\/4392\/revisions\/4393"}],"wp:attachment":[{"href":"https:\/\/zeatz.es\/de\/wp-json\/wp\/v2\/media?parent=4392"}],"curies":[{"name":"wp","href":"https:\/\/api.w.org\/{rel}","templated":true}]}}