{"id":4386,"date":"2023-12-11T14:23:34","date_gmt":"2023-12-11T13:23:34","guid":{"rendered":"https:\/\/zeatz.es\/?page_id=4386"},"modified":"2024-05-13T08:52:16","modified_gmt":"2024-05-13T07:52:16","slug":"rechtlicher-hinweis","status":"publish","type":"page","link":"https:\/\/zeatz.es\/de\/rechtlicher-hinweis\/","title":{"rendered":"RECHTLICHER HINWEIS"},"content":{"rendered":"\n<h2 class=\"wp-block-heading\"><a><\/a><strong>1.1 RECHTLICHER HINWEIS<\/strong><strong><\/strong><\/h2>\n\n\n\n<p>In \u00dcbereinstimmung mit Paragraph 10 des <strong>Gesetzes 34\/2002<\/strong> vom 11. Juli zu \u201e<strong>Dienstleistungen der Informationsgesellschaft und Internethandel<\/strong>\u201c stellen wir folgende Informationen zu Ihrer Verf\u00fcgung:<\/p>\n\n\n\n<p><strong>MAKEGI, S.L.U.<\/strong> [im Folgenden <strong>MAKEGI<\/strong>] ist der Eigent\u00fcmer und ausschlie\u00dfliche Betreiber und Verwalter der Inhalte des Webportals <a href=\"https:\/\/www.zeatz.es\/\"><strong>www.zeatz.es<\/strong><\/a> und hat seinen Sitz in:&nbsp; <strong>Pol\u00edgono industrial de Itziar C2 \u2013 20829 ITZIAR-DEBA \u2013 Spanien<\/strong> mit Steuernummer (CIF): B75029173.<\/p>\n\n\n\n<p><strong>Wenn Sie mit uns Kontakt aufnehmen m\u00f6chten, k\u00f6nnen Sie dies auf dem Postweg an die im vorherigen Abschnitt angegebene Adresse oder per E-Mail unter <\/strong><a href=\"mailto:comercial@zeatz.es\"><strong>comercial@zeatz.es<\/strong><\/a><strong> tun.<\/strong><\/p>\n\n\n\n<h3 class=\"wp-block-heading\"><a><\/a><strong>KONZEPT DES BENUTZERS<\/strong><strong><\/strong><\/h3>\n\n\n\n<p>Die Nutzung des Webportals verleiht dem Besucher den Status eines Benutzers und impliziert die vollst\u00e4ndige und vorbehaltlose Annahme aller in diesem <strong>rechtlichen Hinweis<\/strong> enthaltenen Bestimmungen in der von <strong>MAKEGI<\/strong> zum Zeitpunkt des Zugriffs durch den Benutzer ver\u00f6ffentlichten Version. Daher muss der Benutzer diesen rechtlichen Hinweis vor jeder Nutzung der Website sorgf\u00e4ltig lesen, da er ge\u00e4ndert werden kann.<\/p>\n\n\n\n<h3 class=\"wp-block-heading\"><a><\/a><strong>INFORMATIONEN \u00dcBER LINKS<\/strong><strong><\/strong><\/h3>\n\n\n\n<p><strong>MAKEGI<\/strong> haftet \u00fcber die eigenen Websites hinaus nicht f\u00fcr andere bzw. Dritt-Websites, auf die \u00fcber Verkn\u00fcpfungen bzw. <strong>\u201eLinks\u201c<\/strong> zugegriffen werden kann, oder f\u00fcr Inhalte, die von Dritten zur Verf\u00fcgung gestellt werden.<\/p>\n\n\n\n<p>Die Nutzung eines Links oder der Zugang zu einer Website, die nicht zu <strong>MAKEGI<\/strong> geh\u00f6rt, erfolgt auf eigenes Risiko und auf eigene Verantwortung des Benutzers. <strong>MAKEGI<\/strong> gibt keine Empfehlung oder Garantie f\u00fcr Informationen, die \u00fcber einen Link au\u00dferhalb von <a href=\"https:\/\/www.zeatz.es\/\"><strong>www.zeatz.es<\/strong><\/a> abgerufen wurden, und haftet auch nicht f\u00fcr Verluste, Anspr\u00fcche oder Sch\u00e4den im Zusammenhang mit der Nutzung oder dem Missbrauch eines Links oder der \u00fcber ihn erhaltenen Informationen, einschlie\u00dflich anderer Links oder Websites, Unterbrechung des Dienstes oder des Zugangs oder der Nutzung oder des Missbrauchs eines Links, sowohl beim Besuch des Webportals <a href=\"https:\/\/www.zeatz.es\/\"><strong>www.zeatz.es<\/strong><\/a> als auch beim Zugriff auf Informationen auf anderen Websites von diesem Webportal aus.<\/p>\n\n\n\n<h3 class=\"wp-block-heading\"><a><\/a><strong>HAFTUNGSAUSSCHLUSS UND -BESCHR\u00c4NKUNG<\/strong><strong><\/strong><\/h3>\n\n\n\n<p>Die Informationen und Dienste, die auf den Websites enthalten oder \u00fcber diese verf\u00fcgbar sind, k\u00f6nnen Ungenauigkeiten oder typografische Fehler enthalten. Die enthaltenen Informationen werden in regelm\u00e4\u00dfigen Abst\u00e4nden ge\u00e4ndert. <strong>MAKEGI<\/strong> kann jederzeit Verbesserungen und\/oder \u00c4nderungen an den Diensten oder Inhalten vornehmen.<\/p>\n\n\n\n<p>Es wird au\u00dferdem gem\u00e4\u00df den Bestimmungen des vorliegenden rechtlichen Hinweises und der \u00fcbrigen rechtlichen Texte dieses Portals darauf hingewiesen, dass die Inhalte dieser Website zu Informationszwecken in Bezug auf die angebotenen Dienste und Tarife dienen.<\/p>\n\n\n\n<h3 class=\"wp-block-heading\"><a><\/a><strong>INFORMATIONEN \u00dcBER DEN AUSSCHLUSS DER HAFTUNG F\u00dcR TECHNISCHE UND INHALTLICHE FEHLER<\/strong><strong><\/strong><\/h3>\n\n\n\n<p><strong>MAKEGI<\/strong> lehnt unabh\u00e4ngig von der Ursache jegliche Haftung im Zusammenhang mit Unterbrechungen oder Funktionsst\u00f6rungen der auf der Website angebotenen Dienste oder Inhalte ab.<\/p>\n\n\n\n<p><strong>MAKEGI<\/strong> haftet zudem nicht f\u00fcr Netzausf\u00e4lle und entgangene Gesch\u00e4fte durch diese Ausf\u00e4lle, vor\u00fcbergehende Unterbrechungen der Stromversorgung oder andere Gr\u00fcnde.<\/p>\n\n\n\n<p><strong>MAKEGI<\/strong> garantiert nicht die ununterbrochene Verf\u00fcgbarkeit oder Fehlerfreiheit der Dienste oder Inhalte oder dass diese fehlerfrei sind, etwaige M\u00e4ngel behoben werden oder der Dienst bzw. der Server, der ihn zur Verf\u00fcgung stellt, frei von Viren oder anderen sch\u00e4dlichen Komponenten ist, wenngleich <strong>MAKEGI<\/strong> sein Bestes tun wird, um diese Art von Vorf\u00e4llen zu vermeiden. Sollte der Benutzer auf der Grundlage der auf einer der \u201eWebsites\u201c enthaltenen Informationen bestimmte Entscheidungen treffen oder Handlungen vornehmen, wird empfohlen, die erhaltenen Informationen anhand anderer Quellen zu \u00fcberpr\u00fcfen.<\/p>\n\n\n\n<h3 class=\"wp-block-heading\"><a><\/a><strong>INFORMATIONEN \u00dcBER GEISTIGES UND GEWERBLICHES EIGENTUM<\/strong><strong><\/strong><\/h3>\n\n\n\n<p><strong>1<\/strong>. Die Struktur, das Design und die Darstellungsform der Elemente (Grafiken, Bilder, Dateien, Logos, Farbkombinationen und alle schutzf\u00e4higen Elemente) sind durch die Rechte am geistigen Eigentum von <strong>MAKEGI<\/strong> gesch\u00fctzt.<\/p>\n\n\n\n<p><strong>2<\/strong>. Die Vervielf\u00e4ltigung, Umgestaltung, Verbreitung, \u00f6ffentliche Wiedergabe und ganz allgemein jede andere Form der Verwertung der im vorherigen Abschnitt genannten Elemente ist verboten. Die entsprechende Nutzung ist nur mit ausdr\u00fccklicher Genehmigung von <strong>MAKEGI<\/strong> zul\u00e4ssig und muss in jedem Fall mit einem ausdr\u00fccklichen Hinweis auf die Rechte von <strong>MAKEGI<\/strong> an seinem geistigen Eigentum einhergehen.<\/p>\n\n\n\n<p><strong>3<\/strong>. Die von <strong>MAKEGI<\/strong> erstellten Dokumente und Materialien sind nur f\u00fcr die private Nutzung zugelassen. Unter keinen Umst\u00e4nden d\u00fcrfen Sie etwaige Schutzvorrichtungen oder Sicherheitssysteme entfernen, ver\u00e4ndern, umgehen oder manipulieren.<\/p>\n\n\n\n<p><strong>4<\/strong>. Sofern nicht ausdr\u00fccklich von <strong>MAKEGI<\/strong> genehmigt, sind Links auf \u201eEndseiten\u201c, \u201eFrames\u201c und andere \u00e4hnliche Manipulationen nicht erlaubt. Links m\u00fcssen stets auf die <strong>Startseite<\/strong> von <a href=\"https:\/\/www.zeatz.es\/\"><strong>www.zeatz.es<\/strong><\/a> verweisen.<\/p>\n\n\n\n<p><strong>5<\/strong>. Die Erkennungszeichen (Marken, Handelsnamen) von <strong>MAKEGI<\/strong> sind durch gewerbliche Schutzrechte gesch\u00fctzt und die Verwendung oder Manipulation dieser Zeichen ohne ausdr\u00fcckliche schriftliche Genehmigung von <strong>MAKEGI<\/strong> ist verboten.<\/p>\n","protected":false},"excerpt":{"rendered":"<p>1.1 RECHTLICHER HINWEIS In \u00dcbereinstimmung mit Paragraph 10 des Gesetzes 34\/2002 vom 11. Juli zu \u201eDienstleistungen der Informationsgesellschaft und Internethandel\u201c stellen wir folgende Informationen zu Ihrer Verf\u00fcgung: MAKEGI, S.L.U. [im Folgenden MAKEGI] ist der Eigent\u00fcmer und ausschlie\u00dfliche Betreiber und Verwalter der Inhalte des Webportals www.zeatz.es und hat seinen Sitz in:&nbsp; Pol\u00edgono industrial de Itziar C2 [&hellip;]<\/p>\n","protected":false},"author":1,"featured_media":0,"parent":0,"menu_order":0,"comment_status":"closed","ping_status":"closed","template":"","meta":{"footnotes":""},"class_list":["post-4386","page","type-page","status-publish","hentry"],"yoast_head":"<!-- This site is optimized with the Yoast SEO plugin v26.4 - https:\/\/yoast.com\/wordpress\/plugins\/seo\/ -->\n<title>RECHTLICHER HINWEIS - Zeatz<\/title>\n<meta name=\"robots\" content=\"index, follow, max-snippet:-1, max-image-preview:large, max-video-preview:-1\" \/>\n<link rel=\"canonical\" href=\"https:\/\/zeatz.es\/de\/rechtlicher-hinweis\/\" \/>\n<meta property=\"og:locale\" content=\"de_DE\" \/>\n<meta property=\"og:type\" content=\"article\" \/>\n<meta property=\"og:title\" content=\"RECHTLICHER HINWEIS - Zeatz\" \/>\n<meta property=\"og:description\" content=\"1.1 RECHTLICHER HINWEIS In \u00dcbereinstimmung mit Paragraph 10 des Gesetzes 34\/2002 vom 11. Juli zu \u201eDienstleistungen der Informationsgesellschaft und Internethandel\u201c stellen wir folgende Informationen zu Ihrer Verf\u00fcgung: MAKEGI, S.L.U. [im Folgenden MAKEGI] ist der Eigent\u00fcmer und ausschlie\u00dfliche Betreiber und Verwalter der Inhalte des Webportals www.zeatz.es und hat seinen Sitz in:&nbsp; Pol\u00edgono industrial de Itziar C2 [&hellip;]\" \/>\n<meta property=\"og:url\" content=\"https:\/\/zeatz.es\/de\/rechtlicher-hinweis\/\" \/>\n<meta property=\"og:site_name\" content=\"Zeatz\" \/>\n<meta property=\"article:modified_time\" content=\"2024-05-13T07:52:16+00:00\" \/>\n<meta name=\"twitter:card\" content=\"summary_large_image\" \/>\n<meta name=\"twitter:label1\" content=\"Gesch\u00e4tzte Lesezeit\" \/>\n\t<meta name=\"twitter:data1\" content=\"4\u00a0Minuten\" \/>\n<script type=\"application\/ld+json\" class=\"yoast-schema-graph\">{\"@context\":\"https:\/\/schema.org\",\"@graph\":[{\"@type\":\"WebPage\",\"@id\":\"https:\/\/zeatz.es\/de\/rechtlicher-hinweis\/\",\"url\":\"https:\/\/zeatz.es\/de\/rechtlicher-hinweis\/\",\"name\":\"RECHTLICHER HINWEIS - Zeatz\",\"isPartOf\":{\"@id\":\"https:\/\/zeatz.es\/de\/#website\"},\"datePublished\":\"2023-12-11T13:23:34+00:00\",\"dateModified\":\"2024-05-13T07:52:16+00:00\",\"breadcrumb\":{\"@id\":\"https:\/\/zeatz.es\/de\/rechtlicher-hinweis\/#breadcrumb\"},\"inLanguage\":\"de\",\"potentialAction\":[{\"@type\":\"ReadAction\",\"target\":[\"https:\/\/zeatz.es\/de\/rechtlicher-hinweis\/\"]}]},{\"@type\":\"BreadcrumbList\",\"@id\":\"https:\/\/zeatz.es\/de\/rechtlicher-hinweis\/#breadcrumb\",\"itemListElement\":[{\"@type\":\"ListItem\",\"position\":1,\"name\":\"Home\",\"item\":\"https:\/\/zeatz.es\/de\/\"},{\"@type\":\"ListItem\",\"position\":2,\"name\":\"RECHTLICHER HINWEIS\"}]},{\"@type\":\"WebSite\",\"@id\":\"https:\/\/zeatz.es\/de\/#website\",\"url\":\"https:\/\/zeatz.es\/de\/\",\"name\":\"Zeatz\",\"description\":\"\",\"potentialAction\":[{\"@type\":\"SearchAction\",\"target\":{\"@type\":\"EntryPoint\",\"urlTemplate\":\"https:\/\/zeatz.es\/de\/?s={search_term_string}\"},\"query-input\":{\"@type\":\"PropertyValueSpecification\",\"valueRequired\":true,\"valueName\":\"search_term_string\"}}],\"inLanguage\":\"de\"}]}<\/script>\n<!-- \/ Yoast SEO plugin. -->","yoast_head_json":{"title":"RECHTLICHER HINWEIS - Zeatz","robots":{"index":"index","follow":"follow","max-snippet":"max-snippet:-1","max-image-preview":"max-image-preview:large","max-video-preview":"max-video-preview:-1"},"canonical":"https:\/\/zeatz.es\/de\/rechtlicher-hinweis\/","og_locale":"de_DE","og_type":"article","og_title":"RECHTLICHER HINWEIS - Zeatz","og_description":"1.1 RECHTLICHER HINWEIS In \u00dcbereinstimmung mit Paragraph 10 des Gesetzes 34\/2002 vom 11. Juli zu \u201eDienstleistungen der Informationsgesellschaft und Internethandel\u201c stellen wir folgende Informationen zu Ihrer Verf\u00fcgung: MAKEGI, S.L.U. [im Folgenden MAKEGI] ist der Eigent\u00fcmer und ausschlie\u00dfliche Betreiber und Verwalter der Inhalte des Webportals www.zeatz.es und hat seinen Sitz in:&nbsp; Pol\u00edgono industrial de Itziar C2 [&hellip;]","og_url":"https:\/\/zeatz.es\/de\/rechtlicher-hinweis\/","og_site_name":"Zeatz","article_modified_time":"2024-05-13T07:52:16+00:00","twitter_card":"summary_large_image","twitter_misc":{"Gesch\u00e4tzte Lesezeit":"4\u00a0Minuten"},"schema":{"@context":"https:\/\/schema.org","@graph":[{"@type":"WebPage","@id":"https:\/\/zeatz.es\/de\/rechtlicher-hinweis\/","url":"https:\/\/zeatz.es\/de\/rechtlicher-hinweis\/","name":"RECHTLICHER HINWEIS - Zeatz","isPartOf":{"@id":"https:\/\/zeatz.es\/de\/#website"},"datePublished":"2023-12-11T13:23:34+00:00","dateModified":"2024-05-13T07:52:16+00:00","breadcrumb":{"@id":"https:\/\/zeatz.es\/de\/rechtlicher-hinweis\/#breadcrumb"},"inLanguage":"de","potentialAction":[{"@type":"ReadAction","target":["https:\/\/zeatz.es\/de\/rechtlicher-hinweis\/"]}]},{"@type":"BreadcrumbList","@id":"https:\/\/zeatz.es\/de\/rechtlicher-hinweis\/#breadcrumb","itemListElement":[{"@type":"ListItem","position":1,"name":"Home","item":"https:\/\/zeatz.es\/de\/"},{"@type":"ListItem","position":2,"name":"RECHTLICHER HINWEIS"}]},{"@type":"WebSite","@id":"https:\/\/zeatz.es\/de\/#website","url":"https:\/\/zeatz.es\/de\/","name":"Zeatz","description":"","potentialAction":[{"@type":"SearchAction","target":{"@type":"EntryPoint","urlTemplate":"https:\/\/zeatz.es\/de\/?s={search_term_string}"},"query-input":{"@type":"PropertyValueSpecification","valueRequired":true,"valueName":"search_term_string"}}],"inLanguage":"de"}]}},"_links":{"self":[{"href":"https:\/\/zeatz.es\/de\/wp-json\/wp\/v2\/pages\/4386","targetHints":{"allow":["GET"]}}],"collection":[{"href":"https:\/\/zeatz.es\/de\/wp-json\/wp\/v2\/pages"}],"about":[{"href":"https:\/\/zeatz.es\/de\/wp-json\/wp\/v2\/types\/page"}],"author":[{"embeddable":true,"href":"https:\/\/zeatz.es\/de\/wp-json\/wp\/v2\/users\/1"}],"replies":[{"embeddable":true,"href":"https:\/\/zeatz.es\/de\/wp-json\/wp\/v2\/comments?post=4386"}],"version-history":[{"count":1,"href":"https:\/\/zeatz.es\/de\/wp-json\/wp\/v2\/pages\/4386\/revisions"}],"predecessor-version":[{"id":4387,"href":"https:\/\/zeatz.es\/de\/wp-json\/wp\/v2\/pages\/4386\/revisions\/4387"}],"wp:attachment":[{"href":"https:\/\/zeatz.es\/de\/wp-json\/wp\/v2\/media?parent=4386"}],"curies":[{"name":"wp","href":"https:\/\/api.w.org\/{rel}","templated":true}]}}