{"id":4190,"date":"2024-04-17T12:43:45","date_gmt":"2024-04-17T11:43:45","guid":{"rendered":"https:\/\/zeatz.es\/?page_id=4190"},"modified":"2024-04-30T11:20:13","modified_gmt":"2024-04-30T10:20:13","slug":"kostenvoranschlag-anfordern","status":"publish","type":"page","link":"https:\/\/zeatz.es\/de\/kostenvoranschlag-anfordern\/","title":{"rendered":"Kostenvoranschlag anfordern"},"content":{"rendered":"\t\t<div data-elementor-type=\"wp-page\" data-elementor-id=\"4190\" class=\"elementor elementor-4190 elementor-3117\">\n\t\t\t\t<div class=\"elementor-element elementor-element-0e14c0c e-flex e-con-boxed e-con e-parent\" data-id=\"0e14c0c\" data-element_type=\"container\">\r\n\t\t\t\t\t<div class=\"e-con-inner\">\r\n\t\t\t\t<div class=\"elementor-element elementor-element-98defd6 elementor-widget elementor-widget-html\" data-id=\"98defd6\" data-element_type=\"widget\" data-widget_type=\"html.default\">\n\t\t\t\t<div class=\"elementor-widget-container\">\n\t\t\t\t\t\n<div class=\"wpcf7 no-js\" id=\"wpcf7-f4189-o1\" lang=\"es-ES\" dir=\"ltr\" data-wpcf7-id=\"4189\">\n<div class=\"screen-reader-response\"><p role=\"status\" aria-live=\"polite\" aria-atomic=\"true\"><\/p> <ul><\/ul><\/div>\n<form action=\"\/de\/wp-json\/wp\/v2\/pages\/4190#wpcf7-f4189-o1\" method=\"post\" class=\"wpcf7-form init\" aria-label=\"Formulario de contacto\" novalidate=\"novalidate\" data-status=\"init\">\n<fieldset class=\"hidden-fields-container\"><input type=\"hidden\" name=\"_wpcf7\" value=\"4189\" \/><input type=\"hidden\" name=\"_wpcf7_version\" value=\"6.1.3\" \/><input type=\"hidden\" name=\"_wpcf7_locale\" value=\"es_ES\" \/><input type=\"hidden\" name=\"_wpcf7_unit_tag\" value=\"wpcf7-f4189-o1\" \/><input type=\"hidden\" name=\"_wpcf7_container_post\" value=\"0\" \/><input type=\"hidden\" name=\"_wpcf7_posted_data_hash\" value=\"\" \/>\n<\/fieldset>\n<div class=\"row\">\n\n<div class=\"col-12\">Kontaktdaten<\/div>\n<div class=\"col-md-6 mb-4\"><span class=\"wpcf7-form-control-wrap\" data-name=\"nombre\"><input size=\"40\" maxlength=\"400\" class=\"wpcf7-form-control wpcf7-text wpcf7-validates-as-required form-control\" aria-required=\"true\" aria-invalid=\"false\" placeholder=\"Name\" value=\"\" type=\"text\" name=\"nombre\" \/><\/span><\/div>\n<div class=\"col-md-6 mb-4\"><span class=\"wpcf7-form-control-wrap\" data-name=\"email\"><input size=\"40\" maxlength=\"400\" class=\"wpcf7-form-control wpcf7-email wpcf7-validates-as-required wpcf7-text wpcf7-validates-as-email form-control\" aria-required=\"true\" aria-invalid=\"false\" placeholder=\"Email\" value=\"\" type=\"email\" name=\"email\" \/><\/span><\/div>\n<div class=\"col-md-6 mb-4\"><span class=\"wpcf7-form-control-wrap\" data-name=\"contacto\"><input size=\"40\" maxlength=\"400\" class=\"wpcf7-form-control wpcf7-tel wpcf7-validates-as-required wpcf7-text wpcf7-validates-as-tel form-control\" aria-required=\"true\" aria-invalid=\"false\" placeholder=\"Kontakt\" value=\"\" type=\"tel\" name=\"contacto\" \/><\/span><\/div>\n<div class=\"col-md-6 mb-4\"><span class=\"wpcf7-form-control-wrap\" data-name=\"empresa\"><input size=\"40\" maxlength=\"400\" class=\"wpcf7-form-control wpcf7-text wpcf7-validates-as-required form-control\" aria-required=\"true\" aria-invalid=\"false\" placeholder=\"Unternehmen\" value=\"\" type=\"text\" name=\"empresa\" \/><\/span><\/div>\n\n\n\n<div class=\"col-12\">Informationen zum Produkt <\/div>\n\n<div class=\"col-md-6 mb-4\"><span class=\"wpcf7-form-control-wrap\" data-name=\"tipo_divisor\"><select class=\"wpcf7-form-control wpcf7-select form-control\" aria-invalid=\"false\" name=\"tipo_divisor\"><option value=\"\">Art des Teilers ausw\u00e4hlen<\/option><option value=\"PH\">PH<\/option><option value=\"PHV\">PHV<\/option><option value=\"PHT\">PHT<\/option><option value=\"PHVT\">PHVT<\/option><option value=\"MDH\">MDH<\/option><option value=\"MDHV\">MDHV<\/option><option value=\"PT\">PT<\/option><\/select><\/span><\/div>\n<div class=\"col-md-6 mb-4\"><span class=\"wpcf7-form-control-wrap\" data-name=\"movimiento_lineal\"><select class=\"wpcf7-form-control wpcf7-select form-control\" aria-invalid=\"false\" name=\"movimiento_lineal\"><option value=\"Linearbewegung ausw\u00e4hlen\">Linearbewegung ausw\u00e4hlen<\/option><option value=\"Linear\">Linear<\/option><option value=\"Nicht linear\">Nicht linear<\/option><\/select><\/span><\/div>\n<div class=\"col-md-6 mb-4\"><span class=\"wpcf7-form-control-wrap\" data-name=\"talla\"><select class=\"wpcf7-form-control wpcf7-select form-control\" aria-invalid=\"false\" name=\"talla\"><option value=\"Gr\u00f6\u00dfe ausw\u00e4hlen\">Gr\u00f6\u00dfe ausw\u00e4hlen<\/option><option value=\"320\">320<\/option><option value=\"450\">450<\/option><option value=\"600\">600<\/option><option value=\"800\">800<\/option><option value=\"1000\">1000<\/option><option value=\"1200\">1200<\/option><option value=\"1500\">1500<\/option><option value=\"1800\">1800<\/option><option value=\"2000\">2000<\/option><\/select><\/span><\/div>\n<div class=\"col-md-6 mb-4\"><span class=\"wpcf7-form-control-wrap\" data-name=\"giro\"><select class=\"wpcf7-form-control wpcf7-select form-control\" aria-invalid=\"false\" name=\"giro\"><option value=\"Anzahl der Motoren ausw\u00e4hlen\">Anzahl der Motoren ausw\u00e4hlen<\/option><option value=\"1 motor\">1 motor<\/option><option value=\"2 motoren\">2 motoren<\/option><\/select><\/span><\/div>\n<div class=\"col-md-6 mb-4\"><span class=\"wpcf7-form-control-wrap\" data-name=\"text\"><input size=\"40\" maxlength=\"400\" class=\"wpcf7-form-control wpcf7-text form-control\" aria-invalid=\"false\" placeholder=\"Tischabmessungen in mm ausw\u00e4hlen\" value=\"\" type=\"text\" name=\"text\" \/><\/span><\/div>\n<div class=\"col-md-6 mb-4\"><span class=\"wpcf7-form-control-wrap\" data-name=\"recorrido\"><select class=\"wpcf7-form-control wpcf7-select form-control\" aria-invalid=\"false\" name=\"recorrido\"><option value=\"Weg in Option mit Linearbewegung ausw\u00e4hlen\">Weg in Option mit Linearbewegung ausw\u00e4hlen<\/option><option value=\"500\">500<\/option><option value=\"1000\">1000<\/option><option value=\"1500\">1500<\/option><option value=\"2000\">2000<\/option><option value=\"2500\">2500<\/option><option value=\"3000\">3000<\/option><option value=\"3500\">3500<\/option><option value=\"4000\">4000<\/option><\/select><\/span><\/div>\n\n<\/div>\n\n<button type=\"submit\" class=\"mt-4 btn btn-dark\">Absenden<\/button><input type='hidden' class='wpcf7-pum' value='{\"closepopup\":false,\"closedelay\":0,\"openpopup\":false,\"openpopup_id\":0}' \/><div class=\"wpcf7-response-output\" aria-hidden=\"true\"><\/div>\n<\/form>\n<\/div>\n\t\t\t\t<\/div>\n\t\t\t\t<\/div>\n\t\t\t\t\t<\/div>\n\t\t\t\t<\/div>\n\t\t\t\t<\/div>\n\t\t","protected":false},"excerpt":{"rendered":"","protected":false},"author":1,"featured_media":0,"parent":0,"menu_order":0,"comment_status":"closed","ping_status":"closed","template":"","meta":{"footnotes":""},"class_list":["post-4190","page","type-page","status-publish","hentry"],"yoast_head":"<!-- This site is optimized with the Yoast SEO plugin v26.4 - https:\/\/yoast.com\/wordpress\/plugins\/seo\/ -->\n<title>Kostenvoranschlag anfordern - Zeatz<\/title>\n<meta name=\"robots\" content=\"index, follow, max-snippet:-1, max-image-preview:large, max-video-preview:-1\" \/>\n<link rel=\"canonical\" href=\"https:\/\/zeatz.es\/de\/kostenvoranschlag-anfordern\/\" \/>\n<meta property=\"og:locale\" content=\"de_DE\" \/>\n<meta property=\"og:type\" content=\"article\" \/>\n<meta property=\"og:title\" content=\"Kostenvoranschlag anfordern - Zeatz\" \/>\n<meta property=\"og:url\" content=\"https:\/\/zeatz.es\/de\/kostenvoranschlag-anfordern\/\" \/>\n<meta property=\"og:site_name\" content=\"Zeatz\" \/>\n<meta property=\"article:modified_time\" content=\"2024-04-30T10:20:13+00:00\" \/>\n<meta name=\"twitter:card\" content=\"summary_large_image\" \/>\n<script type=\"application\/ld+json\" class=\"yoast-schema-graph\">{\"@context\":\"https:\/\/schema.org\",\"@graph\":[{\"@type\":\"WebPage\",\"@id\":\"https:\/\/zeatz.es\/de\/kostenvoranschlag-anfordern\/\",\"url\":\"https:\/\/zeatz.es\/de\/kostenvoranschlag-anfordern\/\",\"name\":\"Kostenvoranschlag anfordern - Zeatz\",\"isPartOf\":{\"@id\":\"https:\/\/zeatz.es\/de\/#website\"},\"datePublished\":\"2024-04-17T11:43:45+00:00\",\"dateModified\":\"2024-04-30T10:20:13+00:00\",\"breadcrumb\":{\"@id\":\"https:\/\/zeatz.es\/de\/kostenvoranschlag-anfordern\/#breadcrumb\"},\"inLanguage\":\"de\",\"potentialAction\":[{\"@type\":\"ReadAction\",\"target\":[\"https:\/\/zeatz.es\/de\/kostenvoranschlag-anfordern\/\"]}]},{\"@type\":\"BreadcrumbList\",\"@id\":\"https:\/\/zeatz.es\/de\/kostenvoranschlag-anfordern\/#breadcrumb\",\"itemListElement\":[{\"@type\":\"ListItem\",\"position\":1,\"name\":\"Home\",\"item\":\"https:\/\/zeatz.es\/de\/\"},{\"@type\":\"ListItem\",\"position\":2,\"name\":\"Kostenvoranschlag anfordern\"}]},{\"@type\":\"WebSite\",\"@id\":\"https:\/\/zeatz.es\/de\/#website\",\"url\":\"https:\/\/zeatz.es\/de\/\",\"name\":\"Zeatz\",\"description\":\"\",\"potentialAction\":[{\"@type\":\"SearchAction\",\"target\":{\"@type\":\"EntryPoint\",\"urlTemplate\":\"https:\/\/zeatz.es\/de\/?s={search_term_string}\"},\"query-input\":{\"@type\":\"PropertyValueSpecification\",\"valueRequired\":true,\"valueName\":\"search_term_string\"}}],\"inLanguage\":\"de\"}]}<\/script>\n<!-- \/ Yoast SEO plugin. -->","yoast_head_json":{"title":"Kostenvoranschlag anfordern - Zeatz","robots":{"index":"index","follow":"follow","max-snippet":"max-snippet:-1","max-image-preview":"max-image-preview:large","max-video-preview":"max-video-preview:-1"},"canonical":"https:\/\/zeatz.es\/de\/kostenvoranschlag-anfordern\/","og_locale":"de_DE","og_type":"article","og_title":"Kostenvoranschlag anfordern - Zeatz","og_url":"https:\/\/zeatz.es\/de\/kostenvoranschlag-anfordern\/","og_site_name":"Zeatz","article_modified_time":"2024-04-30T10:20:13+00:00","twitter_card":"summary_large_image","schema":{"@context":"https:\/\/schema.org","@graph":[{"@type":"WebPage","@id":"https:\/\/zeatz.es\/de\/kostenvoranschlag-anfordern\/","url":"https:\/\/zeatz.es\/de\/kostenvoranschlag-anfordern\/","name":"Kostenvoranschlag anfordern - Zeatz","isPartOf":{"@id":"https:\/\/zeatz.es\/de\/#website"},"datePublished":"2024-04-17T11:43:45+00:00","dateModified":"2024-04-30T10:20:13+00:00","breadcrumb":{"@id":"https:\/\/zeatz.es\/de\/kostenvoranschlag-anfordern\/#breadcrumb"},"inLanguage":"de","potentialAction":[{"@type":"ReadAction","target":["https:\/\/zeatz.es\/de\/kostenvoranschlag-anfordern\/"]}]},{"@type":"BreadcrumbList","@id":"https:\/\/zeatz.es\/de\/kostenvoranschlag-anfordern\/#breadcrumb","itemListElement":[{"@type":"ListItem","position":1,"name":"Home","item":"https:\/\/zeatz.es\/de\/"},{"@type":"ListItem","position":2,"name":"Kostenvoranschlag anfordern"}]},{"@type":"WebSite","@id":"https:\/\/zeatz.es\/de\/#website","url":"https:\/\/zeatz.es\/de\/","name":"Zeatz","description":"","potentialAction":[{"@type":"SearchAction","target":{"@type":"EntryPoint","urlTemplate":"https:\/\/zeatz.es\/de\/?s={search_term_string}"},"query-input":{"@type":"PropertyValueSpecification","valueRequired":true,"valueName":"search_term_string"}}],"inLanguage":"de"}]}},"_links":{"self":[{"href":"https:\/\/zeatz.es\/de\/wp-json\/wp\/v2\/pages\/4190","targetHints":{"allow":["GET"]}}],"collection":[{"href":"https:\/\/zeatz.es\/de\/wp-json\/wp\/v2\/pages"}],"about":[{"href":"https:\/\/zeatz.es\/de\/wp-json\/wp\/v2\/types\/page"}],"author":[{"embeddable":true,"href":"https:\/\/zeatz.es\/de\/wp-json\/wp\/v2\/users\/1"}],"replies":[{"embeddable":true,"href":"https:\/\/zeatz.es\/de\/wp-json\/wp\/v2\/comments?post=4190"}],"version-history":[{"count":5,"href":"https:\/\/zeatz.es\/de\/wp-json\/wp\/v2\/pages\/4190\/revisions"}],"predecessor-version":[{"id":4245,"href":"https:\/\/zeatz.es\/de\/wp-json\/wp\/v2\/pages\/4190\/revisions\/4245"}],"wp:attachment":[{"href":"https:\/\/zeatz.es\/de\/wp-json\/wp\/v2\/media?parent=4190"}],"curies":[{"name":"wp","href":"https:\/\/api.w.org\/{rel}","templated":true}]}}