{"id":4153,"date":"2023-12-11T09:45:11","date_gmt":"2023-12-11T08:45:11","guid":{"rendered":"https:\/\/zeatz.es\/?page_id=4153"},"modified":"2024-06-27T14:31:25","modified_gmt":"2024-06-27T13:31:25","slug":"fitting-your-projects","status":"publish","type":"page","link":"https:\/\/zeatz.es\/de\/fitting-your-projects\/","title":{"rendered":"Fitting your projects"},"content":{"rendered":"\t\t<div data-elementor-type=\"wp-page\" data-elementor-id=\"4153\" class=\"elementor elementor-4153 elementor-13\">\n\t\t\t\t<div class=\"elementor-element elementor-element-6f78585a imagen-fondo e-flex e-con-boxed e-con e-parent\" data-id=\"6f78585a\" data-element_type=\"container\">\r\n\t\t\t\t\t<div class=\"e-con-inner\">\r\n\t\t<div class=\"elementor-element elementor-element-1801d88f e-con-full e-flex e-con e-child\" data-id=\"1801d88f\" data-element_type=\"container\">\r\n\t\t\t\t<div class=\"elementor-element elementor-element-1902a42a elementor-widget elementor-widget-porto_ultimate_heading\" data-id=\"1902a42a\" data-element_type=\"widget\" data-widget_type=\"porto_ultimate_heading.default\">\n\t\t\t\t<div class=\"elementor-widget-container\">\n\t\t\t\t\t<div class=\"porto-u-heading  porto-u-ad87e2eaf3f9c495180fe0156ddf3eb0\"><div class=\"porto-u-main-heading\"><h2   >Spezialist f\u00fcr kundenspezifische Drehtische und Dreh-Verschiebetische.<\/h2><\/div><style>.porto-u-ad87e2eaf3f9c495180fe0156ddf3eb0.porto-u-heading{text-align:left}<\/style><\/div>\t\t\t\t<\/div>\n\t\t\t\t<\/div>\n\t\t\t\t<div class=\"elementor-element elementor-element-5b6be5d3 elementor-widget elementor-widget-text-editor\" data-id=\"5b6be5d3\" data-element_type=\"widget\" data-widget_type=\"text-editor.default\">\n\t\t\t\t<div class=\"elementor-widget-container\">\n\t\t\t\t\t\t\t\t\tIm Jahr 1962 war Zeatz das erste Unternehmen mit dem Spezialgebiet Drehtischherstellung auf\nnationaler Ebene. Mit seinen 60 Jahren Erfahrung unterst\u00fctzt das Unternehmen den Sektor des\nWerkzeugmaschinenbaus mit flexiblen L\u00f6sungen und kundenspezifischen Entw\u00fcrfen.\t\t\t\t\t\t\t\t<\/div>\n\t\t\t\t<\/div>\n\t\t\t\t<div class=\"elementor-element elementor-element-7dbd69a5 elementor-widget elementor-widget-text-editor\" data-id=\"7dbd69a5\" data-element_type=\"widget\" data-widget_type=\"text-editor.default\">\n\t\t\t\t<div class=\"elementor-widget-container\">\n\t\t\t\t\t\t\t\t\tFitting <br>\nyour <br>\nprojects\t\t\t\t\t\t\t\t<\/div>\n\t\t\t\t<\/div>\n\t\t\t\t<div class=\"elementor-element elementor-element-7fa21e95 elementor-widget elementor-widget-text-editor\" data-id=\"7fa21e95\" data-element_type=\"widget\" data-widget_type=\"text-editor.default\">\n\t\t\t\t<div class=\"elementor-widget-container\">\n\t\t\t\t\t\t\t\t\tUnsere Philosophie lautet \u201eFitting your Projects\u201c. Zeatz findet bei jedem Projekt die beste\nL\u00f6sung f\u00fcr Hersteller von Bearbeitungszentren, Fr\u00e4sen, Bohrmaschinen usw.\netc.\t\t\t\t\t\t\t\t<\/div>\n\t\t\t\t<\/div>\n\t\t\t\t<\/div>\n\t\t<div class=\"elementor-element elementor-element-60c4f5ab e-con-full e-flex e-con e-child\" data-id=\"60c4f5ab\" data-element_type=\"container\">\r\n\t\t\t\t<div class=\"elementor-element elementor-element-605f873b elementor-widget elementor-widget-image\" data-id=\"605f873b\" data-element_type=\"widget\" data-widget_type=\"image.default\">\n\t\t\t\t<div class=\"elementor-widget-container\">\n\t\t\t\t\t\t\t\t\t\t\t\t\t\t\t<img fetchpriority=\"high\" decoding=\"async\" width=\"947\" height=\"748\" src=\"https:\/\/zeatz.es\/wp-content\/uploads\/2023\/12\/prueba2-1.png\" class=\"attachment-large size-large wp-image-2027\" alt=\"\" srcset=\"https:\/\/zeatz.es\/wp-content\/uploads\/2023\/12\/prueba2-1.png 947w, https:\/\/zeatz.es\/wp-content\/uploads\/2023\/12\/prueba2-1-768x607.png 768w, https:\/\/zeatz.es\/wp-content\/uploads\/2023\/12\/prueba2-1-640x506.png 640w, https:\/\/zeatz.es\/wp-content\/uploads\/2023\/12\/prueba2-1-400x316.png 400w\" sizes=\"(max-width: 947px) 100vw, 947px\" \/>\t\t\t\t\t\t\t\t\t\t\t\t\t\t\t<\/div>\n\t\t\t\t<\/div>\n\t\t\t\t<\/div>\n\t\t\t\t\t<\/div>\n\t\t\t\t<\/div>\n\t\t<div class=\"elementor-element elementor-element-5a6acf36 e-flex e-con-boxed e-con e-parent\" data-id=\"5a6acf36\" data-element_type=\"container\">\r\n\t\t\t\t\t<div class=\"e-con-inner\">\r\n\t\t\t\t<div class=\"elementor-element elementor-element-298905b elementor-widget-divider--view-line elementor-widget elementor-widget-divider\" data-id=\"298905b\" data-element_type=\"widget\" data-widget_type=\"divider.default\">\n\t\t\t\t<div class=\"elementor-widget-container\">\n\t\t\t\t\t\t\t<div class=\"elementor-divider\">\n\t\t\t<span class=\"elementor-divider-separator\">\n\t\t\t\t\t\t<\/span>\n\t\t<\/div>\n\t\t\t\t\t\t<\/div>\n\t\t\t\t<\/div>\n\t\t\t\t<div class=\"elementor-element elementor-element-1cba7108 elementor-widget elementor-widget-text-editor\" data-id=\"1cba7108\" data-element_type=\"widget\" data-widget_type=\"text-editor.default\">\n\t\t\t\t<div class=\"elementor-widget-container\">\n\t\t\t\t\t\t\t\t\tFITTING YOUR PROJECTS STEHT F\u00dcR\u2026\n\t\t\t\t\t\t\t\t<\/div>\n\t\t\t\t<\/div>\n\t\t\t\t\t<\/div>\n\t\t\t\t<\/div>\n\t\t<div class=\"elementor-element elementor-element-16658a4d e-flex e-con-boxed e-con e-parent\" data-id=\"16658a4d\" data-element_type=\"container\">\r\n\t\t\t\t\t<div class=\"e-con-inner\">\r\n\t\t<div class=\"elementor-element elementor-element-2c991e60 e-con-full e-flex e-con e-child\" data-id=\"2c991e60\" data-element_type=\"container\">\r\n\t\t\t\t<div class=\"elementor-element elementor-element-61412b25 elementor-position-top elementor-widget elementor-widget-image-box\" data-id=\"61412b25\" data-element_type=\"widget\" data-widget_type=\"image-box.default\">\n\t\t\t\t<div class=\"elementor-widget-container\">\n\t\t\t\t\t<div class=\"elementor-image-box-wrapper\"><figure class=\"elementor-image-box-img\"><img decoding=\"async\" width=\"800\" height=\"800\" src=\"https:\/\/zeatz.es\/wp-content\/uploads\/2023\/12\/logo-flexibilidad.png\" class=\"attachment-full size-full wp-image-1582\" alt=\"\" srcset=\"https:\/\/zeatz.es\/wp-content\/uploads\/2023\/12\/logo-flexibilidad.png 800w, https:\/\/zeatz.es\/wp-content\/uploads\/2023\/12\/logo-flexibilidad-768x768.png 768w, https:\/\/zeatz.es\/wp-content\/uploads\/2023\/12\/logo-flexibilidad-640x640.png 640w, https:\/\/zeatz.es\/wp-content\/uploads\/2023\/12\/logo-flexibilidad-400x400.png 400w\" sizes=\"(max-width: 800px) 100vw, 800px\" \/><\/figure><div class=\"elementor-image-box-content\"><h3 class=\"elementor-image-box-title\"><p style=\"color:#ed1a3a;font-size:14px\"><strong>FLEXIBILIT\u00c4T<\/strong><span style=\"color: var(--porto-h3-color,var(--porto-heading-color));letter-spacing: var(--porto-h3-ls,-0.05em)\"><\/span><\/p><\/h3><p class=\"elementor-image-box-description\">Flexible L\u00f6sungen<br> entsprechend den <br>Kundenbed\u00fcrfnissen.<\/p><\/div><\/div>\t\t\t\t<\/div>\n\t\t\t\t<\/div>\n\t\t\t\t<\/div>\n\t\t<div class=\"elementor-element elementor-element-e6a7536 e-con-full e-flex e-con e-child\" data-id=\"e6a7536\" data-element_type=\"container\">\r\n\t\t\t\t<div class=\"elementor-element elementor-element-5bc2b1b4 elementor-position-top elementor-widget elementor-widget-image-box\" data-id=\"5bc2b1b4\" data-element_type=\"widget\" data-widget_type=\"image-box.default\">\n\t\t\t\t<div class=\"elementor-widget-container\">\n\t\t\t\t\t<div class=\"elementor-image-box-wrapper\"><figure class=\"elementor-image-box-img\"><img decoding=\"async\" width=\"800\" height=\"800\" src=\"https:\/\/zeatz.es\/wp-content\/uploads\/2023\/12\/logos-personalizacion.png\" class=\"attachment-full size-full wp-image-1588\" alt=\"\" srcset=\"https:\/\/zeatz.es\/wp-content\/uploads\/2023\/12\/logos-personalizacion.png 800w, https:\/\/zeatz.es\/wp-content\/uploads\/2023\/12\/logos-personalizacion-768x768.png 768w, https:\/\/zeatz.es\/wp-content\/uploads\/2023\/12\/logos-personalizacion-640x640.png 640w, https:\/\/zeatz.es\/wp-content\/uploads\/2023\/12\/logos-personalizacion-400x400.png 400w\" sizes=\"(max-width: 800px) 100vw, 800px\" \/><\/figure><div class=\"elementor-image-box-content\"><h3 class=\"elementor-image-box-title\"><p style=\"color:#ed1a3a;font-size:14px\"><strong>KUNDENSPEZIFISCHE ANPASSUNG<\/strong><span style=\"color: var(--porto-h3-color,var(--porto-heading-color));letter-spacing: var(--porto-h3-ls,-0.05em)\"><\/span><\/p><\/h3><p class=\"elementor-image-box-description\">Kundenspezifische\nAnpassung<br> unserer\nProjekte zu 100 %.<\/p><\/div><\/div>\t\t\t\t<\/div>\n\t\t\t\t<\/div>\n\t\t\t\t<\/div>\n\t\t<div class=\"elementor-element elementor-element-89d9b7d e-con-full e-flex e-con e-child\" data-id=\"89d9b7d\" data-element_type=\"container\">\r\n\t\t\t\t<div class=\"elementor-element elementor-element-2fbb0997 elementor-position-top elementor-widget elementor-widget-image-box\" data-id=\"2fbb0997\" data-element_type=\"widget\" data-widget_type=\"image-box.default\">\n\t\t\t\t<div class=\"elementor-widget-container\">\n\t\t\t\t\t<div class=\"elementor-image-box-wrapper\"><figure class=\"elementor-image-box-img\"><img loading=\"lazy\" decoding=\"async\" width=\"800\" height=\"800\" src=\"https:\/\/zeatz.es\/wp-content\/uploads\/2023\/12\/logo-solvencia.png\" class=\"attachment-full size-full wp-image-1585\" alt=\"\" srcset=\"https:\/\/zeatz.es\/wp-content\/uploads\/2023\/12\/logo-solvencia.png 800w, https:\/\/zeatz.es\/wp-content\/uploads\/2023\/12\/logo-solvencia-768x768.png 768w, https:\/\/zeatz.es\/wp-content\/uploads\/2023\/12\/logo-solvencia-640x640.png 640w, https:\/\/zeatz.es\/wp-content\/uploads\/2023\/12\/logo-solvencia-400x400.png 400w\" sizes=\"(max-width: 800px) 100vw, 800px\" \/><\/figure><div class=\"elementor-image-box-content\"><h3 class=\"elementor-image-box-title\"><p style=\"color:#ed1a3a;font-size:14px\"><strong>ZUVERL\u00c4SSIGKEIT<\/strong><span style=\"color: var(--porto-h3-color,var(--porto-heading-color));letter-spacing: var(--porto-h3-ls,-0.05em)\"><\/span><\/p><\/h3><p class=\"elementor-image-box-description\">Hohe Pr\u00e4zision und Steifigkeit,<br> die in jedem Projekt \u00fcberpr\u00fcft <br>werden.<\/p><\/div><\/div>\t\t\t\t<\/div>\n\t\t\t\t<\/div>\n\t\t\t\t<\/div>\n\t\t<div class=\"elementor-element elementor-element-40d68dba e-con-full e-flex e-con e-child\" data-id=\"40d68dba\" data-element_type=\"container\">\r\n\t\t\t\t<div class=\"elementor-element elementor-element-c6680e8 elementor-position-top elementor-widget elementor-widget-image-box\" data-id=\"c6680e8\" data-element_type=\"widget\" data-widget_type=\"image-box.default\">\n\t\t\t\t<div class=\"elementor-widget-container\">\n\t\t\t\t\t<div class=\"elementor-image-box-wrapper\"><figure class=\"elementor-image-box-img\"><img loading=\"lazy\" decoding=\"async\" width=\"800\" height=\"800\" src=\"https:\/\/zeatz.es\/wp-content\/uploads\/2023\/12\/logo-especializacion.png\" class=\"attachment-full size-full wp-image-1579\" alt=\"\" srcset=\"https:\/\/zeatz.es\/wp-content\/uploads\/2023\/12\/logo-especializacion.png 800w, https:\/\/zeatz.es\/wp-content\/uploads\/2023\/12\/logo-especializacion-768x768.png 768w, https:\/\/zeatz.es\/wp-content\/uploads\/2023\/12\/logo-especializacion-640x640.png 640w, https:\/\/zeatz.es\/wp-content\/uploads\/2023\/12\/logo-especializacion-400x400.png 400w\" sizes=\"(max-width: 800px) 100vw, 800px\" \/><\/figure><div class=\"elementor-image-box-content\"><h3 class=\"elementor-image-box-title\"><p style=\"color:#ed1a3a;font-size:14px\"><strong>SPEZIALISIERUNG<\/strong><span style=\"color: var(--porto-h3-color,var(--porto-heading-color));letter-spacing: var(--porto-h3-ls,-0.05em)\"><\/span><\/p><\/h3><p class=\"elementor-image-box-description\">F\u00e4higkeit und\nErfahrung in der<br>\nRealisierung\nspezieller Projekte<br>\nund gro\u00dfer Tische.\n<\/p><\/div><\/div>\t\t\t\t<\/div>\n\t\t\t\t<\/div>\n\t\t\t\t<\/div>\n\t\t\t\t\t<\/div>\n\t\t\t\t<\/div>\n\t\t<div class=\"elementor-element elementor-element-cc2adfb e-flex e-con-boxed e-con e-parent\" data-id=\"cc2adfb\" data-element_type=\"container\" data-settings=\"{&quot;background_background&quot;:&quot;classic&quot;}\">\r\n\t\t\t\t\t<div class=\"e-con-inner\">\r\n\t\t<div class=\"elementor-element elementor-element-e17b95e e-con-full e-flex e-con e-child\" data-id=\"e17b95e\" data-element_type=\"container\">\r\n\t\t\t\t<div class=\"elementor-element elementor-element-e897a13 elementor-widget elementor-widget-heading\" data-id=\"e897a13\" data-element_type=\"widget\" data-widget_type=\"heading.default\">\n\t\t\t\t<div class=\"elementor-widget-container\">\n\t\t\t\t\t<h2 class=\"elementor-heading-title elementor-size-default\">WELTWEITE PR\u00c4SENZ.Entwicklung und Herstellung im Baskenland.<\/h2>\t\t\t\t<\/div>\n\t\t\t\t<\/div>\n\t\t\t\t<div class=\"elementor-element elementor-element-80b8f8a elementor-widget elementor-widget-text-editor\" data-id=\"80b8f8a\" data-element_type=\"widget\" data-widget_type=\"text-editor.default\">\n\t\t\t\t<div class=\"elementor-widget-container\">\n\t\t\t\t\t\t\t\t\tDie Produkte von Zeatz werden im Baskenland entwickelt und hergestellt. Das industrielle\nUmfeld im Baskenland genie\u00dft weltweite Anerkennung im Werkzeugmaschinenbau f\u00fcr die\nErforschung und Herstellung kundenspezifischer L\u00f6sungen. Hier hat das Unternehmen auf\neiner Fl\u00e4che von mehr als 2000 m2 seine Abteilungen f\u00fcr Engineering, Entwicklung, Produktion\nund Qualit\u00e4t vereint.\t\t\t\t\t\t\t\t<\/div>\n\t\t\t\t<\/div>\n\t\t\t\t<\/div>\n\t\t<div class=\"elementor-element elementor-element-a67bc79 e-con-full e-flex e-con e-child\" data-id=\"a67bc79\" data-element_type=\"container\">\r\n\t\t\t\t<div class=\"elementor-element elementor-element-6d66bb5 elementor-widget elementor-widget-text-editor\" data-id=\"6d66bb5\" data-element_type=\"widget\" data-widget_type=\"text-editor.default\">\n\t\t\t\t<div class=\"elementor-widget-container\">\n\t\t\t\t\t\t\t\t\tZeatz hat exklusive Vertriebspartner in den Vereinigten Staaten, S\u00fcdamerika, Asien und Afrika.\nIn Europa bietet das Unternehmen seinen kundennahen technischen Service von der Zentrale\naus und \u00fcber lokale Vertretungen in europ\u00e4ischen L\u00e4ndern an.\n<br><br>\n\nLogistik. Strategische Lage der Einrichtungen f\u00fcr den nationalen und europ\u00e4ischen Markt.\nWeltweite Logistikl\u00f6sungen.\t\t\t\t\t\t\t\t<\/div>\n\t\t\t\t<\/div>\n\t\t\t\t<\/div>\n\t\t\t\t\t<\/div>\n\t\t\t\t<\/div>\n\t\t<div class=\"elementor-element elementor-element-6c62c3ff e-flex e-con-boxed e-con e-parent\" data-id=\"6c62c3ff\" data-element_type=\"container\" id=\"sostenibilidad\" data-settings=\"{&quot;background_background&quot;:&quot;classic&quot;}\">\r\n\t\t\t\t\t<div class=\"e-con-inner\">\r\n\t\t\t\t<div class=\"elementor-element elementor-element-3ca9b746 elementor-widget elementor-widget-text-editor\" data-id=\"3ca9b746\" data-element_type=\"widget\" data-widget_type=\"text-editor.default\">\n\t\t\t\t<div class=\"elementor-widget-container\">\n\t\t\t\t\t\t\t\t\tNACHHALTIGKEIT\t\t\t\t\t\t\t\t<\/div>\n\t\t\t\t<\/div>\n\t\t\t\t\t<\/div>\n\t\t\t\t<\/div>\n\t\t<div class=\"elementor-element elementor-element-594214ee e-flex e-con-boxed e-con e-parent\" data-id=\"594214ee\" data-element_type=\"container\" data-settings=\"{&quot;background_background&quot;:&quot;classic&quot;}\">\r\n\t\t\t\t\t<div class=\"e-con-inner\">\r\n\t\t<div class=\"elementor-element elementor-element-251a444d e-con-full e-flex e-con e-child\" data-id=\"251a444d\" data-element_type=\"container\">\r\n\t\t\t\t<div class=\"elementor-element elementor-element-1e2a8abb img-sostenibilidad elementor-widget elementor-widget-image\" data-id=\"1e2a8abb\" data-element_type=\"widget\" data-widget_type=\"image.default\">\n\t\t\t\t<div class=\"elementor-widget-container\">\n\t\t\t\t\t\t\t\t\t\t\t\t\t\t\t<img loading=\"lazy\" decoding=\"async\" width=\"646\" height=\"434\" src=\"https:\/\/zeatz.es\/wp-content\/uploads\/2023\/12\/Fondos9.jpg\" class=\"attachment-large size-large wp-image-2235\" alt=\"\" srcset=\"https:\/\/zeatz.es\/wp-content\/uploads\/2023\/12\/Fondos9.jpg 646w, https:\/\/zeatz.es\/wp-content\/uploads\/2023\/12\/Fondos9-640x430.jpg 640w, https:\/\/zeatz.es\/wp-content\/uploads\/2023\/12\/Fondos9-400x269.jpg 400w\" sizes=\"(max-width: 646px) 100vw, 646px\" \/>\t\t\t\t\t\t\t\t\t\t\t\t\t\t\t<\/div>\n\t\t\t\t<\/div>\n\t\t\t\t<\/div>\n\t\t<div class=\"elementor-element elementor-element-41ab47d0 e-con-full e-flex e-con e-child\" data-id=\"41ab47d0\" data-element_type=\"container\">\r\n\t\t\t\t<div class=\"elementor-element elementor-element-575901bf elementor-absolute elementor-hidden-mobile elementor-widget elementor-widget-image\" data-id=\"575901bf\" data-element_type=\"widget\" data-settings=\"{&quot;_position&quot;:&quot;absolute&quot;}\" data-widget_type=\"image.default\">\n\t\t\t\t<div class=\"elementor-widget-container\">\n\t\t\t\t\t\t\t\t\t\t\t\t\t\t\t<img loading=\"lazy\" decoding=\"async\" width=\"150\" height=\"113\" src=\"https:\/\/zeatz.es\/wp-content\/uploads\/2023\/12\/Hoja-1.png\" class=\"attachment-thumbnail size-thumbnail wp-image-2042\" alt=\"\" \/>\t\t\t\t\t\t\t\t\t\t\t\t\t\t\t<\/div>\n\t\t\t\t<\/div>\n\t\t\t\t<div class=\"elementor-element elementor-element-58e1bcf2 elementor-widget elementor-widget-text-editor\" data-id=\"58e1bcf2\" data-element_type=\"widget\" data-widget_type=\"text-editor.default\">\n\t\t\t\t<div class=\"elementor-widget-container\">\n\t\t\t\t\t\t\t\t\t<p style=\"font-size: 30px; line-height: 1.3;\">ENGAGEMENT F\u00dcR NACHHALTIGKEIT<\/p>\nUnser Werk befindet sich in einer spektakul\u00e4ren Umgebung. Zwischen Bergen, W\u00e4ldern und\ndem Kantabrischen Meer. Uns ist bewusst, dass industrielle Aktivit\u00e4ten im Einklang mit dem\nUmweltschutz stehen m\u00fcssen. Aus diesem Grund wurden wir von Aquacert nach ISO-14001\nzertifiziert und k\u00f6nnen somit belegen, dass wir auf nachhaltige Weise arbeiten.\n\t\t\t\t\t\t\t\t<\/div>\n\t\t\t\t<\/div>\n\t\t\t\t<\/div>\n\t\t\t\t\t<\/div>\n\t\t\t\t<\/div>\n\t\t<div class=\"elementor-element elementor-element-3d6b827 e-flex e-con-boxed e-con e-parent\" data-id=\"3d6b827\" data-element_type=\"container\">\r\n\t\t\t\t\t<div class=\"e-con-inner\">\r\n\t\t\t\t<div class=\"elementor-element elementor-element-c18501b elementor-widget elementor-widget-spacer\" data-id=\"c18501b\" data-element_type=\"widget\" data-widget_type=\"spacer.default\">\n\t\t\t\t<div class=\"elementor-widget-container\">\n\t\t\t\t\t\t\t<div class=\"elementor-spacer\">\n\t\t\t<div class=\"elementor-spacer-inner\"><\/div>\n\t\t<\/div>\n\t\t\t\t\t\t<\/div>\n\t\t\t\t<\/div>\n\t\t\t\t\t<\/div>\n\t\t\t\t<\/div>\n\t\t\t\t<\/div>\n\t\t","protected":false},"excerpt":{"rendered":"<p>Spezialist f\u00fcr kundenspezifische Drehtische und Dreh-Verschiebetische. Im Jahr 1962 war Zeatz das erste Unternehmen mit dem Spezialgebiet Drehtischherstellung auf nationaler Ebene. Mit seinen 60 Jahren Erfahrung unterst\u00fctzt das Unternehmen den Sektor des Werkzeugmaschinenbaus mit flexiblen L\u00f6sungen und kundenspezifischen Entw\u00fcrfen.Fitting your projectsUnsere Philosophie lautet \u201eFitting your Projects\u201c. Zeatz findet bei jedem Projekt die beste L\u00f6sung f\u00fcr [&hellip;]<\/p>\n","protected":false},"author":1,"featured_media":0,"parent":0,"menu_order":0,"comment_status":"closed","ping_status":"closed","template":"","meta":{"footnotes":""},"class_list":["post-4153","page","type-page","status-publish","hentry"],"yoast_head":"<!-- This site is optimized with the Yoast SEO plugin v26.4 - https:\/\/yoast.com\/wordpress\/plugins\/seo\/ -->\n<title>Fitting your projects - Zeatz<\/title>\n<meta name=\"robots\" content=\"index, follow, max-snippet:-1, max-image-preview:large, max-video-preview:-1\" \/>\n<link rel=\"canonical\" href=\"https:\/\/zeatz.es\/de\/fitting-your-projects\/\" \/>\n<meta property=\"og:locale\" content=\"de_DE\" \/>\n<meta property=\"og:type\" content=\"article\" \/>\n<meta property=\"og:title\" content=\"Fitting your projects - Zeatz\" \/>\n<meta property=\"og:description\" content=\"Spezialist f\u00fcr kundenspezifische Drehtische und Dreh-Verschiebetische. Im Jahr 1962 war Zeatz das erste Unternehmen mit dem Spezialgebiet Drehtischherstellung auf nationaler Ebene. Mit seinen 60 Jahren Erfahrung unterst\u00fctzt das Unternehmen den Sektor des Werkzeugmaschinenbaus mit flexiblen L\u00f6sungen und kundenspezifischen Entw\u00fcrfen.Fitting your projectsUnsere Philosophie lautet \u201eFitting your Projects\u201c. Zeatz findet bei jedem Projekt die beste L\u00f6sung f\u00fcr [&hellip;]\" \/>\n<meta property=\"og:url\" content=\"https:\/\/zeatz.es\/de\/fitting-your-projects\/\" \/>\n<meta property=\"og:site_name\" content=\"Zeatz\" \/>\n<meta property=\"article:modified_time\" content=\"2024-06-27T13:31:25+00:00\" \/>\n<meta property=\"og:image\" content=\"https:\/\/zeatz.es\/wp-content\/uploads\/2023\/12\/prueba2-1.png\" \/>\n<meta name=\"twitter:card\" content=\"summary_large_image\" \/>\n<meta name=\"twitter:label1\" content=\"Gesch\u00e4tzte Lesezeit\" \/>\n\t<meta name=\"twitter:data1\" content=\"3\u00a0Minuten\" \/>\n<script type=\"application\/ld+json\" class=\"yoast-schema-graph\">{\"@context\":\"https:\/\/schema.org\",\"@graph\":[{\"@type\":\"WebPage\",\"@id\":\"https:\/\/zeatz.es\/de\/fitting-your-projects\/\",\"url\":\"https:\/\/zeatz.es\/de\/fitting-your-projects\/\",\"name\":\"Fitting your projects - Zeatz\",\"isPartOf\":{\"@id\":\"https:\/\/zeatz.es\/de\/#website\"},\"primaryImageOfPage\":{\"@id\":\"https:\/\/zeatz.es\/de\/fitting-your-projects\/#primaryimage\"},\"image\":{\"@id\":\"https:\/\/zeatz.es\/de\/fitting-your-projects\/#primaryimage\"},\"thumbnailUrl\":\"https:\/\/zeatz.es\/wp-content\/uploads\/2023\/12\/prueba2-1.png\",\"datePublished\":\"2023-12-11T08:45:11+00:00\",\"dateModified\":\"2024-06-27T13:31:25+00:00\",\"breadcrumb\":{\"@id\":\"https:\/\/zeatz.es\/de\/fitting-your-projects\/#breadcrumb\"},\"inLanguage\":\"de\",\"potentialAction\":[{\"@type\":\"ReadAction\",\"target\":[\"https:\/\/zeatz.es\/de\/fitting-your-projects\/\"]}]},{\"@type\":\"ImageObject\",\"inLanguage\":\"de\",\"@id\":\"https:\/\/zeatz.es\/de\/fitting-your-projects\/#primaryimage\",\"url\":\"https:\/\/zeatz.es\/wp-content\/uploads\/2023\/12\/prueba2-1.png\",\"contentUrl\":\"https:\/\/zeatz.es\/wp-content\/uploads\/2023\/12\/prueba2-1.png\"},{\"@type\":\"BreadcrumbList\",\"@id\":\"https:\/\/zeatz.es\/de\/fitting-your-projects\/#breadcrumb\",\"itemListElement\":[{\"@type\":\"ListItem\",\"position\":1,\"name\":\"Home\",\"item\":\"https:\/\/zeatz.es\/de\/\"},{\"@type\":\"ListItem\",\"position\":2,\"name\":\"Fitting your projects\"}]},{\"@type\":\"WebSite\",\"@id\":\"https:\/\/zeatz.es\/de\/#website\",\"url\":\"https:\/\/zeatz.es\/de\/\",\"name\":\"Zeatz\",\"description\":\"\",\"potentialAction\":[{\"@type\":\"SearchAction\",\"target\":{\"@type\":\"EntryPoint\",\"urlTemplate\":\"https:\/\/zeatz.es\/de\/?s={search_term_string}\"},\"query-input\":{\"@type\":\"PropertyValueSpecification\",\"valueRequired\":true,\"valueName\":\"search_term_string\"}}],\"inLanguage\":\"de\"}]}<\/script>\n<!-- \/ Yoast SEO plugin. -->","yoast_head_json":{"title":"Fitting your projects - Zeatz","robots":{"index":"index","follow":"follow","max-snippet":"max-snippet:-1","max-image-preview":"max-image-preview:large","max-video-preview":"max-video-preview:-1"},"canonical":"https:\/\/zeatz.es\/de\/fitting-your-projects\/","og_locale":"de_DE","og_type":"article","og_title":"Fitting your projects - Zeatz","og_description":"Spezialist f\u00fcr kundenspezifische Drehtische und Dreh-Verschiebetische. Im Jahr 1962 war Zeatz das erste Unternehmen mit dem Spezialgebiet Drehtischherstellung auf nationaler Ebene. Mit seinen 60 Jahren Erfahrung unterst\u00fctzt das Unternehmen den Sektor des Werkzeugmaschinenbaus mit flexiblen L\u00f6sungen und kundenspezifischen Entw\u00fcrfen.Fitting your projectsUnsere Philosophie lautet \u201eFitting your Projects\u201c. Zeatz findet bei jedem Projekt die beste L\u00f6sung f\u00fcr [&hellip;]","og_url":"https:\/\/zeatz.es\/de\/fitting-your-projects\/","og_site_name":"Zeatz","article_modified_time":"2024-06-27T13:31:25+00:00","og_image":[{"url":"https:\/\/zeatz.es\/wp-content\/uploads\/2023\/12\/prueba2-1.png","type":"","width":"","height":""}],"twitter_card":"summary_large_image","twitter_misc":{"Gesch\u00e4tzte Lesezeit":"3\u00a0Minuten"},"schema":{"@context":"https:\/\/schema.org","@graph":[{"@type":"WebPage","@id":"https:\/\/zeatz.es\/de\/fitting-your-projects\/","url":"https:\/\/zeatz.es\/de\/fitting-your-projects\/","name":"Fitting your projects - Zeatz","isPartOf":{"@id":"https:\/\/zeatz.es\/de\/#website"},"primaryImageOfPage":{"@id":"https:\/\/zeatz.es\/de\/fitting-your-projects\/#primaryimage"},"image":{"@id":"https:\/\/zeatz.es\/de\/fitting-your-projects\/#primaryimage"},"thumbnailUrl":"https:\/\/zeatz.es\/wp-content\/uploads\/2023\/12\/prueba2-1.png","datePublished":"2023-12-11T08:45:11+00:00","dateModified":"2024-06-27T13:31:25+00:00","breadcrumb":{"@id":"https:\/\/zeatz.es\/de\/fitting-your-projects\/#breadcrumb"},"inLanguage":"de","potentialAction":[{"@type":"ReadAction","target":["https:\/\/zeatz.es\/de\/fitting-your-projects\/"]}]},{"@type":"ImageObject","inLanguage":"de","@id":"https:\/\/zeatz.es\/de\/fitting-your-projects\/#primaryimage","url":"https:\/\/zeatz.es\/wp-content\/uploads\/2023\/12\/prueba2-1.png","contentUrl":"https:\/\/zeatz.es\/wp-content\/uploads\/2023\/12\/prueba2-1.png"},{"@type":"BreadcrumbList","@id":"https:\/\/zeatz.es\/de\/fitting-your-projects\/#breadcrumb","itemListElement":[{"@type":"ListItem","position":1,"name":"Home","item":"https:\/\/zeatz.es\/de\/"},{"@type":"ListItem","position":2,"name":"Fitting your projects"}]},{"@type":"WebSite","@id":"https:\/\/zeatz.es\/de\/#website","url":"https:\/\/zeatz.es\/de\/","name":"Zeatz","description":"","potentialAction":[{"@type":"SearchAction","target":{"@type":"EntryPoint","urlTemplate":"https:\/\/zeatz.es\/de\/?s={search_term_string}"},"query-input":{"@type":"PropertyValueSpecification","valueRequired":true,"valueName":"search_term_string"}}],"inLanguage":"de"}]}},"_links":{"self":[{"href":"https:\/\/zeatz.es\/de\/wp-json\/wp\/v2\/pages\/4153","targetHints":{"allow":["GET"]}}],"collection":[{"href":"https:\/\/zeatz.es\/de\/wp-json\/wp\/v2\/pages"}],"about":[{"href":"https:\/\/zeatz.es\/de\/wp-json\/wp\/v2\/types\/page"}],"author":[{"embeddable":true,"href":"https:\/\/zeatz.es\/de\/wp-json\/wp\/v2\/users\/1"}],"replies":[{"embeddable":true,"href":"https:\/\/zeatz.es\/de\/wp-json\/wp\/v2\/comments?post=4153"}],"version-history":[{"count":10,"href":"https:\/\/zeatz.es\/de\/wp-json\/wp\/v2\/pages\/4153\/revisions"}],"predecessor-version":[{"id":4529,"href":"https:\/\/zeatz.es\/de\/wp-json\/wp\/v2\/pages\/4153\/revisions\/4529"}],"wp:attachment":[{"href":"https:\/\/zeatz.es\/de\/wp-json\/wp\/v2\/media?parent=4153"}],"curies":[{"name":"wp","href":"https:\/\/api.w.org\/{rel}","templated":true}]}}