{"id":4120,"date":"2024-03-21T10:47:05","date_gmt":"2024-03-21T09:47:05","guid":{"rendered":"https:\/\/zeatz.es\/?page_id=4120"},"modified":"2024-05-20T08:03:58","modified_gmt":"2024-05-20T07:03:58","slug":"sonderanwendungen","status":"publish","type":"page","link":"https:\/\/zeatz.es\/de\/sonderanwendungen\/","title":{"rendered":"Sonderanwendungen"},"content":{"rendered":"\t\t<div data-elementor-type=\"wp-page\" data-elementor-id=\"4120\" class=\"elementor elementor-4120 elementor-2374\">\n\t\t\t\t<div class=\"elementor-element elementor-element-3b3fe30a e-flex e-con-boxed e-con e-parent\" data-id=\"3b3fe30a\" data-element_type=\"container\">\r\n\t\t\t\t\t<div class=\"e-con-inner\">\r\n\t\t\t\t<div class=\"elementor-element elementor-element-2e8492fe elementor-widget-divider--view-line elementor-widget elementor-widget-divider\" data-id=\"2e8492fe\" data-element_type=\"widget\" data-widget_type=\"divider.default\">\n\t\t\t\t<div class=\"elementor-widget-container\">\n\t\t\t\t\t\t\t<div class=\"elementor-divider\">\n\t\t\t<span class=\"elementor-divider-separator\">\n\t\t\t\t\t\t<\/span>\n\t\t<\/div>\n\t\t\t\t\t\t<\/div>\n\t\t\t\t<\/div>\n\t\t\t\t<div class=\"elementor-element elementor-element-1dcdb42e elementor-widget elementor-widget-text-editor\" data-id=\"1dcdb42e\" data-element_type=\"widget\" data-widget_type=\"text-editor.default\">\n\t\t\t\t<div class=\"elementor-widget-container\">\n\t\t\t\t\t\t\t\t\tSONDERANWENDUNGEN\t\t\t\t\t\t\t\t<\/div>\n\t\t\t\t<\/div>\n\t\t\t\t\t<\/div>\n\t\t\t\t<\/div>\n\t\t<div class=\"elementor-element elementor-element-6562bd7e e-flex e-con-boxed e-con e-parent\" data-id=\"6562bd7e\" data-element_type=\"container\">\r\n\t\t\t\t\t<div class=\"e-con-inner\">\r\n\t\t<div class=\"elementor-element elementor-element-617b2ad5 e-con-full e-flex e-con e-child\" data-id=\"617b2ad5\" data-element_type=\"container\">\r\n\t\t\t\t<div class=\"elementor-element elementor-element-6e1b5586 elementor-widget elementor-widget-text-editor\" data-id=\"6e1b5586\" data-element_type=\"widget\" data-widget_type=\"text-editor.default\">\n\t\t\t\t<div class=\"elementor-widget-container\">\n\t\t\t\t\t\t\t\t\t<p style=\"font-size: 30px; line-height: 1.3;\">ENTWICKLUNG KUNDENSPEZIFISCHER DREHTISCHE<\/p>\nSeit der Entwicklung des ersten Drehtisches vor 60 Jahren konstruiert und fertigt Zeatz Drehplatten und -tische f\u00fcr Anwendungen in Sonderprojekten:\t\t\t\t\t\t\t\t<\/div>\n\t\t\t\t<\/div>\n\t\t\t\t<\/div>\n\t\t<div class=\"elementor-element elementor-element-782501be e-con-full e-flex e-con e-child\" data-id=\"782501be\" data-element_type=\"container\">\r\n\t\t\t\t<div class=\"elementor-element elementor-element-5fdd1dbf elementor-widget elementor-widget-text-editor\" data-id=\"5fdd1dbf\" data-element_type=\"widget\" data-widget_type=\"text-editor.default\">\n\t\t\t\t<div class=\"elementor-widget-container\">\n\t\t\t\t\t\t\t\t\t<ul>\n \t<li><strong> Spiralbearbeitung auf Drehtellern.<\/strong><\/li>\n \t<li><strong>Bearbeitung spezieller Werkst\u00fccke mit gro\u00dfen Abmessungen unter Verwendung von\nkundenspezifischem Zubeh\u00f6r.<\/li>\n \t<li><strong>Pr\u00fcftische mit integrierter Messvorrichtung.<\/strong><\/li>\n \t<li><strong>Drehteller mit Durchgangsloch \u00d8 1.000 mm.<\/strong><\/li>\n \t<li><strong>Drehteller auf Paletten mit Wechselstationen.\n<\/strong><\/li>\n<\/ul>\t\t\t\t\t\t\t\t<\/div>\n\t\t\t\t<\/div>\n\t\t\t\t<\/div>\n\t\t\t\t\t<\/div>\n\t\t\t\t<\/div>\n\t\t<div class=\"elementor-element elementor-element-31431722 elementor-hidden-mobile e-flex e-con-boxed e-con e-parent\" data-id=\"31431722\" data-element_type=\"container\">\r\n\t\t\t\t\t<div class=\"e-con-inner\">\r\n\t\t<div class=\"elementor-element elementor-element-636f4208 e-con-full e-flex e-con e-child\" data-id=\"636f4208\" data-element_type=\"container\">\r\n\t\t\t\t<div class=\"elementor-element elementor-element-2bd54ecf elementor-widget elementor-widget-image\" data-id=\"2bd54ecf\" data-element_type=\"widget\" data-widget_type=\"image.default\">\n\t\t\t\t<div class=\"elementor-widget-container\">\n\t\t\t\t\t\t\t\t\t\t\t\t\t\t\t<img fetchpriority=\"high\" decoding=\"async\" width=\"350\" height=\"582\" src=\"https:\/\/zeatz.es\/wp-content\/uploads\/2023\/12\/sp_01-3.jpg\" class=\"attachment-full size-full wp-image-2081\" alt=\"\" \/>\t\t\t\t\t\t\t\t\t\t\t\t\t\t\t<\/div>\n\t\t\t\t<\/div>\n\t\t\t\t<\/div>\n\t\t<div class=\"elementor-element elementor-element-7fd05778 e-con-full e-flex e-con e-child\" data-id=\"7fd05778\" data-element_type=\"container\">\r\n\t\t\t\t<div class=\"elementor-element elementor-element-4bfaeb5b elementor-widget elementor-widget-image\" data-id=\"4bfaeb5b\" data-element_type=\"widget\" data-widget_type=\"image.default\">\n\t\t\t\t<div class=\"elementor-widget-container\">\n\t\t\t\t\t\t\t\t\t\t\t\t\t\t\t<img decoding=\"async\" width=\"700\" height=\"582\" src=\"https:\/\/zeatz.es\/wp-content\/uploads\/2023\/12\/sp_02-3.jpg\" class=\"attachment-full size-full wp-image-2093\" alt=\"\" srcset=\"https:\/\/zeatz.es\/wp-content\/uploads\/2023\/12\/sp_02-3.jpg 700w, https:\/\/zeatz.es\/wp-content\/uploads\/2023\/12\/sp_02-3-640x532.jpg 640w, https:\/\/zeatz.es\/wp-content\/uploads\/2023\/12\/sp_02-3-400x333.jpg 400w\" sizes=\"(max-width: 700px) 100vw, 700px\" \/>\t\t\t\t\t\t\t\t\t\t\t\t\t\t\t<\/div>\n\t\t\t\t<\/div>\n\t\t\t\t<\/div>\n\t\t<div class=\"elementor-element elementor-element-2b906ace e-con-full e-flex e-con e-child\" data-id=\"2b906ace\" data-element_type=\"container\">\r\n\t\t\t\t<div class=\"elementor-element elementor-element-1f92d0ad elementor-widget elementor-widget-image\" data-id=\"1f92d0ad\" data-element_type=\"widget\" data-widget_type=\"image.default\">\n\t\t\t\t<div class=\"elementor-widget-container\">\n\t\t\t\t\t\t\t\t\t\t\t\t\t\t\t<img decoding=\"async\" width=\"1976\" height=\"1671\" src=\"https:\/\/zeatz.es\/wp-content\/uploads\/2023\/12\/sp_03-2.jpg\" class=\"attachment-full size-full wp-image-2087\" alt=\"\" srcset=\"https:\/\/zeatz.es\/wp-content\/uploads\/2023\/12\/sp_03-2.jpg 1976w, https:\/\/zeatz.es\/wp-content\/uploads\/2023\/12\/sp_03-2-1024x866.jpg 1024w, https:\/\/zeatz.es\/wp-content\/uploads\/2023\/12\/sp_03-2-768x649.jpg 768w, https:\/\/zeatz.es\/wp-content\/uploads\/2023\/12\/sp_03-2-1536x1299.jpg 1536w, https:\/\/zeatz.es\/wp-content\/uploads\/2023\/12\/sp_03-2-640x541.jpg 640w, https:\/\/zeatz.es\/wp-content\/uploads\/2023\/12\/sp_03-2-400x338.jpg 400w\" sizes=\"(max-width: 1976px) 100vw, 1976px\" \/>\t\t\t\t\t\t\t\t\t\t\t\t\t\t\t<\/div>\n\t\t\t\t<\/div>\n\t\t\t\t<\/div>\n\t\t\t\t\t<\/div>\n\t\t\t\t<\/div>\n\t\t<div class=\"elementor-element elementor-element-35e2353a elementor-hidden-desktop elementor-hidden-tablet e-flex e-con-boxed e-con e-parent\" data-id=\"35e2353a\" data-element_type=\"container\">\r\n\t\t\t\t\t<div class=\"e-con-inner\">\r\n\t\t\t\t<div class=\"elementor-element elementor-element-7e1eb650 elementor-arrows-position-inside elementor-pagination-position-outside elementor-widget elementor-widget-image-carousel\" data-id=\"7e1eb650\" data-element_type=\"widget\" data-settings=\"{&quot;navigation&quot;:&quot;both&quot;,&quot;autoplay&quot;:&quot;yes&quot;,&quot;pause_on_hover&quot;:&quot;yes&quot;,&quot;pause_on_interaction&quot;:&quot;yes&quot;,&quot;autoplay_speed&quot;:5000,&quot;infinite&quot;:&quot;yes&quot;,&quot;speed&quot;:500}\" data-widget_type=\"image-carousel.default\">\n\t\t\t\t<div class=\"elementor-widget-container\">\n\t\t\t\t\t\t\t<div class=\"elementor-image-carousel-wrapper swiper\" role=\"region\" aria-roledescription=\"carousel\" aria-label=\"Bild Karussell\" dir=\"ltr\">\n\t\t\t<div class=\"elementor-image-carousel swiper-wrapper\" aria-live=\"off\">\n\t\t\t\t\t\t\t\t<div class=\"swiper-slide\" role=\"group\" aria-roledescription=\"slide\" aria-label=\"1 von 3\"><figure class=\"swiper-slide-inner\"><img decoding=\"async\" class=\"swiper-slide-image\" src=\"https:\/\/zeatz.es\/wp-content\/uploads\/2023\/12\/sp_01-4.jpg\" alt=\"sp_01\" \/><\/figure><\/div><div class=\"swiper-slide\" role=\"group\" aria-roledescription=\"slide\" aria-label=\"2 von 3\"><figure class=\"swiper-slide-inner\"><img decoding=\"async\" class=\"swiper-slide-image\" src=\"https:\/\/zeatz.es\/wp-content\/uploads\/2023\/12\/sp_02-4.jpg\" alt=\"sp_02\" \/><\/figure><\/div><div class=\"swiper-slide\" role=\"group\" aria-roledescription=\"slide\" aria-label=\"3 von 3\"><figure class=\"swiper-slide-inner\"><img decoding=\"async\" class=\"swiper-slide-image\" src=\"https:\/\/zeatz.es\/wp-content\/uploads\/2023\/12\/sp_03-3.jpg\" alt=\"sp_03\" \/><\/figure><\/div>\t\t\t<\/div>\n\t\t\t\t\t\t\t\t\t\t\t\t<div class=\"elementor-swiper-button elementor-swiper-button-prev\" role=\"button\" tabindex=\"0\">\n\t\t\t\t\t\t<svg aria-hidden=\"true\" class=\"e-font-icon-svg e-eicon-chevron-left\" viewBox=\"0 0 1000 1000\" xmlns=\"http:\/\/www.w3.org\/2000\/svg\"><path d=\"M646 125C629 125 613 133 604 142L308 442C296 454 292 471 292 487 292 504 296 521 308 533L604 854C617 867 629 875 646 875 663 875 679 871 692 858 704 846 713 829 713 812 713 796 708 779 692 767L438 487 692 225C700 217 708 204 708 187 708 171 704 154 692 142 675 129 663 125 646 125Z\"><\/path><\/svg>\t\t\t\t\t<\/div>\n\t\t\t\t\t<div class=\"elementor-swiper-button elementor-swiper-button-next\" role=\"button\" tabindex=\"0\">\n\t\t\t\t\t\t<svg aria-hidden=\"true\" class=\"e-font-icon-svg e-eicon-chevron-right\" viewBox=\"0 0 1000 1000\" xmlns=\"http:\/\/www.w3.org\/2000\/svg\"><path d=\"M696 533C708 521 713 504 713 487 713 471 708 454 696 446L400 146C388 133 375 125 354 125 338 125 325 129 313 142 300 154 292 171 292 187 292 204 296 221 308 233L563 492 304 771C292 783 288 800 288 817 288 833 296 850 308 863 321 871 338 875 354 875 371 875 388 867 400 854L696 533Z\"><\/path><\/svg>\t\t\t\t\t<\/div>\n\t\t\t\t\n\t\t\t\t\t\t\t\t\t<div class=\"swiper-pagination\"><\/div>\n\t\t\t\t\t\t\t\t\t<\/div>\n\t\t\t\t\t\t<\/div>\n\t\t\t\t<\/div>\n\t\t\t\t\t<\/div>\n\t\t\t\t<\/div>\n\t\t<div class=\"elementor-element elementor-element-5a86bd1 e-flex e-con-boxed e-con e-parent\" data-id=\"5a86bd1\" data-element_type=\"container\">\r\n\t\t\t\t\t<div class=\"e-con-inner\">\r\n\t\t\t\t<div class=\"elementor-element elementor-element-d766f7f elementor-widget elementor-widget-spacer\" data-id=\"d766f7f\" data-element_type=\"widget\" data-widget_type=\"spacer.default\">\n\t\t\t\t<div class=\"elementor-widget-container\">\n\t\t\t\t\t\t\t<div class=\"elementor-spacer\">\n\t\t\t<div class=\"elementor-spacer-inner\"><\/div>\n\t\t<\/div>\n\t\t\t\t\t\t<\/div>\n\t\t\t\t<\/div>\n\t\t\t\t\t<\/div>\n\t\t\t\t<\/div>\n\t\t\t\t<\/div>\n\t\t","protected":false},"excerpt":{"rendered":"<p>SONDERANWENDUNGEN ENTWICKLUNG KUNDENSPEZIFISCHER DREHTISCHE Seit der Entwicklung des ersten Drehtisches vor 60 Jahren konstruiert und fertigt Zeatz Drehplatten und -tische f\u00fcr Anwendungen in Sonderprojekten: Spiralbearbeitung auf Drehtellern. Bearbeitung spezieller Werkst\u00fccke mit gro\u00dfen Abmessungen unter Verwendung von kundenspezifischem Zubeh\u00f6r. Pr\u00fcftische mit integrierter Messvorrichtung. Drehteller mit Durchgangsloch \u00d8 1.000 mm. Drehteller auf Paletten mit Wechselstationen.<\/p>\n","protected":false},"author":1,"featured_media":0,"parent":0,"menu_order":0,"comment_status":"closed","ping_status":"closed","template":"","meta":{"footnotes":""},"class_list":["post-4120","page","type-page","status-publish","hentry"],"yoast_head":"<!-- This site is optimized with the Yoast SEO plugin v26.4 - https:\/\/yoast.com\/wordpress\/plugins\/seo\/ -->\n<title>Sonderanwendungen - Zeatz<\/title>\n<meta name=\"robots\" content=\"index, follow, max-snippet:-1, max-image-preview:large, max-video-preview:-1\" \/>\n<link rel=\"canonical\" href=\"https:\/\/zeatz.es\/de\/sonderanwendungen\/\" \/>\n<meta property=\"og:locale\" content=\"de_DE\" \/>\n<meta property=\"og:type\" content=\"article\" \/>\n<meta property=\"og:title\" content=\"Sonderanwendungen - Zeatz\" \/>\n<meta property=\"og:description\" content=\"SONDERANWENDUNGEN ENTWICKLUNG KUNDENSPEZIFISCHER DREHTISCHE Seit der Entwicklung des ersten Drehtisches vor 60 Jahren konstruiert und fertigt Zeatz Drehplatten und -tische f\u00fcr Anwendungen in Sonderprojekten: Spiralbearbeitung auf Drehtellern. Bearbeitung spezieller Werkst\u00fccke mit gro\u00dfen Abmessungen unter Verwendung von kundenspezifischem Zubeh\u00f6r. Pr\u00fcftische mit integrierter Messvorrichtung. Drehteller mit Durchgangsloch \u00d8 1.000 mm. Drehteller auf Paletten mit Wechselstationen.\" \/>\n<meta property=\"og:url\" content=\"https:\/\/zeatz.es\/de\/sonderanwendungen\/\" \/>\n<meta property=\"og:site_name\" content=\"Zeatz\" \/>\n<meta property=\"article:modified_time\" content=\"2024-05-20T07:03:58+00:00\" \/>\n<meta property=\"og:image\" content=\"https:\/\/zeatz.es\/wp-content\/uploads\/2023\/12\/sp_01-3.jpg\" \/>\n<meta name=\"twitter:card\" content=\"summary_large_image\" \/>\n<meta name=\"twitter:label1\" content=\"Gesch\u00e4tzte Lesezeit\" \/>\n\t<meta name=\"twitter:data1\" content=\"3\u00a0Minuten\" \/>\n<script type=\"application\/ld+json\" class=\"yoast-schema-graph\">{\"@context\":\"https:\/\/schema.org\",\"@graph\":[{\"@type\":\"WebPage\",\"@id\":\"https:\/\/zeatz.es\/de\/sonderanwendungen\/\",\"url\":\"https:\/\/zeatz.es\/de\/sonderanwendungen\/\",\"name\":\"Sonderanwendungen - Zeatz\",\"isPartOf\":{\"@id\":\"https:\/\/zeatz.es\/de\/#website\"},\"primaryImageOfPage\":{\"@id\":\"https:\/\/zeatz.es\/de\/sonderanwendungen\/#primaryimage\"},\"image\":{\"@id\":\"https:\/\/zeatz.es\/de\/sonderanwendungen\/#primaryimage\"},\"thumbnailUrl\":\"https:\/\/zeatz.es\/wp-content\/uploads\/2023\/12\/sp_01-3.jpg\",\"datePublished\":\"2024-03-21T09:47:05+00:00\",\"dateModified\":\"2024-05-20T07:03:58+00:00\",\"breadcrumb\":{\"@id\":\"https:\/\/zeatz.es\/de\/sonderanwendungen\/#breadcrumb\"},\"inLanguage\":\"de\",\"potentialAction\":[{\"@type\":\"ReadAction\",\"target\":[\"https:\/\/zeatz.es\/de\/sonderanwendungen\/\"]}]},{\"@type\":\"ImageObject\",\"inLanguage\":\"de\",\"@id\":\"https:\/\/zeatz.es\/de\/sonderanwendungen\/#primaryimage\",\"url\":\"https:\/\/zeatz.es\/wp-content\/uploads\/2023\/12\/sp_01-3.jpg\",\"contentUrl\":\"https:\/\/zeatz.es\/wp-content\/uploads\/2023\/12\/sp_01-3.jpg\"},{\"@type\":\"BreadcrumbList\",\"@id\":\"https:\/\/zeatz.es\/de\/sonderanwendungen\/#breadcrumb\",\"itemListElement\":[{\"@type\":\"ListItem\",\"position\":1,\"name\":\"Home\",\"item\":\"https:\/\/zeatz.es\/de\/\"},{\"@type\":\"ListItem\",\"position\":2,\"name\":\"Sonderanwendungen\"}]},{\"@type\":\"WebSite\",\"@id\":\"https:\/\/zeatz.es\/de\/#website\",\"url\":\"https:\/\/zeatz.es\/de\/\",\"name\":\"Zeatz\",\"description\":\"\",\"potentialAction\":[{\"@type\":\"SearchAction\",\"target\":{\"@type\":\"EntryPoint\",\"urlTemplate\":\"https:\/\/zeatz.es\/de\/?s={search_term_string}\"},\"query-input\":{\"@type\":\"PropertyValueSpecification\",\"valueRequired\":true,\"valueName\":\"search_term_string\"}}],\"inLanguage\":\"de\"}]}<\/script>\n<!-- \/ Yoast SEO plugin. -->","yoast_head_json":{"title":"Sonderanwendungen - Zeatz","robots":{"index":"index","follow":"follow","max-snippet":"max-snippet:-1","max-image-preview":"max-image-preview:large","max-video-preview":"max-video-preview:-1"},"canonical":"https:\/\/zeatz.es\/de\/sonderanwendungen\/","og_locale":"de_DE","og_type":"article","og_title":"Sonderanwendungen - Zeatz","og_description":"SONDERANWENDUNGEN ENTWICKLUNG KUNDENSPEZIFISCHER DREHTISCHE Seit der Entwicklung des ersten Drehtisches vor 60 Jahren konstruiert und fertigt Zeatz Drehplatten und -tische f\u00fcr Anwendungen in Sonderprojekten: Spiralbearbeitung auf Drehtellern. Bearbeitung spezieller Werkst\u00fccke mit gro\u00dfen Abmessungen unter Verwendung von kundenspezifischem Zubeh\u00f6r. Pr\u00fcftische mit integrierter Messvorrichtung. Drehteller mit Durchgangsloch \u00d8 1.000 mm. Drehteller auf Paletten mit Wechselstationen.","og_url":"https:\/\/zeatz.es\/de\/sonderanwendungen\/","og_site_name":"Zeatz","article_modified_time":"2024-05-20T07:03:58+00:00","og_image":[{"url":"https:\/\/zeatz.es\/wp-content\/uploads\/2023\/12\/sp_01-3.jpg","type":"","width":"","height":""}],"twitter_card":"summary_large_image","twitter_misc":{"Gesch\u00e4tzte Lesezeit":"3\u00a0Minuten"},"schema":{"@context":"https:\/\/schema.org","@graph":[{"@type":"WebPage","@id":"https:\/\/zeatz.es\/de\/sonderanwendungen\/","url":"https:\/\/zeatz.es\/de\/sonderanwendungen\/","name":"Sonderanwendungen - Zeatz","isPartOf":{"@id":"https:\/\/zeatz.es\/de\/#website"},"primaryImageOfPage":{"@id":"https:\/\/zeatz.es\/de\/sonderanwendungen\/#primaryimage"},"image":{"@id":"https:\/\/zeatz.es\/de\/sonderanwendungen\/#primaryimage"},"thumbnailUrl":"https:\/\/zeatz.es\/wp-content\/uploads\/2023\/12\/sp_01-3.jpg","datePublished":"2024-03-21T09:47:05+00:00","dateModified":"2024-05-20T07:03:58+00:00","breadcrumb":{"@id":"https:\/\/zeatz.es\/de\/sonderanwendungen\/#breadcrumb"},"inLanguage":"de","potentialAction":[{"@type":"ReadAction","target":["https:\/\/zeatz.es\/de\/sonderanwendungen\/"]}]},{"@type":"ImageObject","inLanguage":"de","@id":"https:\/\/zeatz.es\/de\/sonderanwendungen\/#primaryimage","url":"https:\/\/zeatz.es\/wp-content\/uploads\/2023\/12\/sp_01-3.jpg","contentUrl":"https:\/\/zeatz.es\/wp-content\/uploads\/2023\/12\/sp_01-3.jpg"},{"@type":"BreadcrumbList","@id":"https:\/\/zeatz.es\/de\/sonderanwendungen\/#breadcrumb","itemListElement":[{"@type":"ListItem","position":1,"name":"Home","item":"https:\/\/zeatz.es\/de\/"},{"@type":"ListItem","position":2,"name":"Sonderanwendungen"}]},{"@type":"WebSite","@id":"https:\/\/zeatz.es\/de\/#website","url":"https:\/\/zeatz.es\/de\/","name":"Zeatz","description":"","potentialAction":[{"@type":"SearchAction","target":{"@type":"EntryPoint","urlTemplate":"https:\/\/zeatz.es\/de\/?s={search_term_string}"},"query-input":{"@type":"PropertyValueSpecification","valueRequired":true,"valueName":"search_term_string"}}],"inLanguage":"de"}]}},"_links":{"self":[{"href":"https:\/\/zeatz.es\/de\/wp-json\/wp\/v2\/pages\/4120","targetHints":{"allow":["GET"]}}],"collection":[{"href":"https:\/\/zeatz.es\/de\/wp-json\/wp\/v2\/pages"}],"about":[{"href":"https:\/\/zeatz.es\/de\/wp-json\/wp\/v2\/types\/page"}],"author":[{"embeddable":true,"href":"https:\/\/zeatz.es\/de\/wp-json\/wp\/v2\/users\/1"}],"replies":[{"embeddable":true,"href":"https:\/\/zeatz.es\/de\/wp-json\/wp\/v2\/comments?post=4120"}],"version-history":[{"count":13,"href":"https:\/\/zeatz.es\/de\/wp-json\/wp\/v2\/pages\/4120\/revisions"}],"predecessor-version":[{"id":4409,"href":"https:\/\/zeatz.es\/de\/wp-json\/wp\/v2\/pages\/4120\/revisions\/4409"}],"wp:attachment":[{"href":"https:\/\/zeatz.es\/de\/wp-json\/wp\/v2\/media?parent=4120"}],"curies":[{"name":"wp","href":"https:\/\/api.w.org\/{rel}","templated":true}]}}